{"id":14498,"date":"2025-08-04T17:56:26","date_gmt":"2025-08-04T17:56:26","guid":{"rendered":"https:\/\/smartown.ro\/popesti-leordeni\/"},"modified":"2025-08-18T20:30:35","modified_gmt":"2025-08-18T20:30:35","slug":"popesti-leordeni","status":"publish","type":"page","link":"https:\/\/smartown.ro\/ro\/popesti-leordeni\/","title":{"rendered":"Pope\u0219ti-Leordeni"},"content":{"rendered":"\t\t<div data-elementor-type=\"wp-page\" data-elementor-id=\"14498\" class=\"elementor elementor-14498 elementor-14159\" data-elementor-post-type=\"page\">\n\t\t\t\t<div class=\"elementor-element elementor-element-8e1df36 e-con-full e-flex e-con e-parent\" data-id=\"8e1df36\" data-element_type=\"container\">\n\t\t<div class=\"elementor-element elementor-element-bc33cf0 e-con-full e-flex e-con e-child\" data-id=\"bc33cf0\" data-element_type=\"container\">\n\t\t\t\t<div class=\"elementor-element elementor-element-a23fce1 elementor-widget elementor-widget-pix-heading\" data-id=\"a23fce1\" data-element_type=\"widget\" data-widget_type=\"pix-heading.default\">\n\t\t\t\t<div class=\"elementor-widget-container\">\n\t\t\t\t\t<div  class=\"pix-heading-el text-left \"><h2 class=\"font-weight-bold h2 heading-text el-title_custom_color mb-12\" style=\"\" data-anim-type=\"\" data-anim-delay=\"\">Despre teren<\/h2><\/div>\t\t\t\t<\/div>\n\t\t\t\t<\/div>\n\t\t\t\t<div class=\"elementor-element elementor-element-461f8bb elementor-widget elementor-widget-text-editor\" data-id=\"461f8bb\" data-element_type=\"widget\" data-widget_type=\"text-editor.default\">\n\t\t\t\t<div class=\"elementor-widget-container\">\n\t\t\t\t\t\t\t\t\t<p>Pope\u0219ti-Leordeni, jude\u021bul Ilfov, reprezint\u0103 o oportunitate deosebit\u0103, fiind format din patru parcele extinse, cu o suprafa\u021b\u0103 total\u0103 de 80.034 mp. Se prezint\u0103 ca un teren ideal pentru dezvolt\u0103ri industriale, oferind un spa\u021biu flexibil \u0219i generos, preg\u0103tit pentru transformare.<\/p><p>Terenul beneficiaz\u0103 de vizibilitate excelent\u0103 \u0219i acces rutier direct. \u00cen plus, dimensiunea sa mare permite acomodarea cu u\u0219urin\u021b\u0103 a diferitelor alternative de proiectare pentru o eventual\u0103 dezvoltare. Zona g\u0103zduie\u0219te deja o activitate industrial\u0103 semnificativ\u0103, ceea ce face proprietatea ideal\u0103 pentru realizarea unui parc industrial \u0219i\/sau de depozitare.<\/p>\t\t\t\t\t\t\t\t<\/div>\n\t\t\t\t<\/div>\n\t\t<div class=\"elementor-element elementor-element-fcb4523 e-con-full e-grid e-con e-child\" data-id=\"fcb4523\" data-element_type=\"container\" data-settings=\"{&quot;background_background&quot;:&quot;classic&quot;}\">\n\t\t\t\t<div class=\"elementor-element elementor-element-9d29c17 elementor-invisible elementor-widget elementor-widget-pix-feature\" data-id=\"9d29c17\" data-element_type=\"widget\" data-widget_type=\"pix-feature.default\">\n\t\t\t\t<div class=\"elementor-widget-container\">\n\t\t\t\t\t<div id=\"pix-feature-9d29c17\" class=\"pix-feature-el text-custom \"><h5 class=\"pix-feature-title font-weight-bold   text-heading-default animate-in\" style=\"\" data-anim-type=\"fade-in-down\" data-anim-delay=\"100\">80.000 mp<\/h5><div class=\"pix-feature-content text-text-gray      animate-in\" style=\"padding-top:6px;\" data-anim-type=\"fade-in-down\" data-anim-delay=\"200\">Dimensiunea terenului<\/div><\/div>\t\t\t\t<\/div>\n\t\t\t\t<\/div>\n\t\t\t\t<\/div>\n\t\t\t\t<\/div>\n\t\t<div class=\"elementor-element elementor-element-1a86b0e e-con-full e-flex e-con e-child\" data-id=\"1a86b0e\" data-element_type=\"container\">\n\t\t\t\t<div class=\"elementor-element elementor-element-10bbfbf elementor-widget elementor-widget-pix-map\" data-id=\"10bbfbf\" data-element_type=\"widget\" data-widget_type=\"pix-map.default\">\n\t\t\t\t<div class=\"elementor-widget-container\">\n\t\t\t\t\t<div class=\"overflow-hidden pix-map-out mb-2 mb-sm-0    \" ><section class=\"pix-google-map w-100\" data-style=\"silver\" data-color=\"\" data-saturation=\"-20\" data-brightness=\"5\" data-latitude=\"44.354993\" data-longitude=\"26.188984\" data-map-zoom=\"13\" data-marker=\"https:\/\/smartown.ro\/wp-content\/plugins\/pixfort-core\/functions\/images\/map\/pix-icon-location.svg\"><div class=\"google-container\"><\/div><div class=\"pix-zoom-in bg-white shadow rounded text-dark-opacity-8 text-18 d-flex align-items-center justify-content-center\"><svg class=\"pixfort-icon \" width=\"24\" height=\"24\"  data-name=\"Line\/pixfort-icon-plus-circle-1\" viewBox=\"2 2 20 20\"><path fill=\"none\" stroke=\"var(--pf-icon-color)\" stroke-linecap=\"round\" stroke-linejoin=\"round\" stroke-width=\"var(--pf-icon-stroke-width)\" d=\"M12,21 C16.9705627,21 21,16.9705627 21,12 C21,7.02943725 16.9705627,3 12,3 C7.02943725,3 3,7.02943725 3,12 C3,16.9705627 7.02943725,21 12,21 Z M12,8 L12,16 M8,12 L16,12\"\/><\/svg><\/div><div class=\"pix-zoom-out bg-white mt-1 shadow rounded text-dark-opacity-8 text-18 d-flex align-items-center justify-content-center\"><svg class=\"pixfort-icon \" width=\"24\" height=\"24\"  data-name=\"Line\/pixfort-icon-minus-circle-1\" viewBox=\"2 2 20 20\"><path fill=\"none\" stroke=\"var(--pf-icon-color)\" stroke-linecap=\"round\" stroke-linejoin=\"round\" stroke-width=\"var(--pf-icon-stroke-width)\" d=\"M12,21 C16.9705627,21 21,16.9705627 21,12 C21,7.02943725 16.9705627,3 12,3 C7.02943725,3 3,7.02943725 3,12 C3,16.9705627 7.02943725,21 12,21 Z M8,12 L16,12\"\/><\/svg><\/div><address class=\"bg-white rounded-lg text-body-default font-weight-bold shadow-inverse\">Pope\u0219ti-Leordeni<\/address><\/section><\/div>\t\t\t\t<\/div>\n\t\t\t\t<\/div>\n\t\t\t\t<\/div>\n\t\t\t\t<\/div>\n\t\t\t\t<\/div>\n\t\t","protected":false},"excerpt":{"rendered":"<p>Despre teren Pope\u0219ti-Leordeni, jude\u021bul Ilfov, reprezint\u0103 o oportunitate deosebit\u0103, fiind format din patru parcele extinse, cu o suprafa\u021b\u0103 total\u0103 de 80.034 mp. Se prezint\u0103 ca un teren ideal pentru dezvolt\u0103ri industriale, oferind un spa\u021biu flexibil \u0219i generos, preg\u0103tit pentru transformare&#8230;.<\/p>\n","protected":false},"author":1,"featured_media":0,"parent":0,"menu_order":0,"comment_status":"closed","ping_status":"closed","template":"","meta":{"footnotes":""},"class_list":["post-14498","page","type-page","status-publish","hentry"],"_links":{"self":[{"href":"https:\/\/smartown.ro\/ro\/wp-json\/wp\/v2\/pages\/14498","targetHints":{"allow":["GET"]}}],"collection":[{"href":"https:\/\/smartown.ro\/ro\/wp-json\/wp\/v2\/pages"}],"about":[{"href":"https:\/\/smartown.ro\/ro\/wp-json\/wp\/v2\/types\/page"}],"author":[{"embeddable":true,"href":"https:\/\/smartown.ro\/ro\/wp-json\/wp\/v2\/users\/1"}],"replies":[{"embeddable":true,"href":"https:\/\/smartown.ro\/ro\/wp-json\/wp\/v2\/comments?post=14498"}],"version-history":[{"count":8,"href":"https:\/\/smartown.ro\/ro\/wp-json\/wp\/v2\/pages\/14498\/revisions"}],"predecessor-version":[{"id":14655,"href":"https:\/\/smartown.ro\/ro\/wp-json\/wp\/v2\/pages\/14498\/revisions\/14655"}],"wp:attachment":[{"href":"https:\/\/smartown.ro\/ro\/wp-json\/wp\/v2\/media?parent=14498"}],"curies":[{"name":"wp","href":"https:\/\/api.w.org\/{rel}","templated":true}]}}