{"id":14500,"date":"2025-08-04T17:54:25","date_gmt":"2025-08-04T17:54:25","guid":{"rendered":"https:\/\/smartown.ro\/dobroesti\/"},"modified":"2025-08-18T20:26:37","modified_gmt":"2025-08-18T20:26:37","slug":"dobroesti","status":"publish","type":"page","link":"https:\/\/smartown.ro\/ro\/dobroesti\/","title":{"rendered":"Dobroe\u0219ti"},"content":{"rendered":"\t\t<div data-elementor-type=\"wp-page\" data-elementor-id=\"14500\" class=\"elementor elementor-14500 elementor-14150\" data-elementor-post-type=\"page\">\n\t\t\t\t<div class=\"elementor-element elementor-element-8e1df36 e-con-full e-flex e-con e-parent\" data-id=\"8e1df36\" data-element_type=\"container\">\n\t\t<div class=\"elementor-element elementor-element-bc33cf0 e-con-full e-flex e-con e-child\" data-id=\"bc33cf0\" data-element_type=\"container\">\n\t\t\t\t<div class=\"elementor-element elementor-element-a23fce1 elementor-widget elementor-widget-pix-heading\" data-id=\"a23fce1\" data-element_type=\"widget\" data-widget_type=\"pix-heading.default\">\n\t\t\t\t<div class=\"elementor-widget-container\">\n\t\t\t\t\t<div  class=\"pix-heading-el text-left \"><h2 class=\"font-weight-bold h2 heading-text el-title_custom_color mb-12\" style=\"\" data-anim-type=\"\" data-anim-delay=\"\">Despre teren<\/h2><\/div>\t\t\t\t<\/div>\n\t\t\t\t<\/div>\n\t\t\t\t<div class=\"elementor-element elementor-element-461f8bb elementor-widget elementor-widget-text-editor\" data-id=\"461f8bb\" data-element_type=\"widget\" data-widget_type=\"text-editor.default\">\n\t\t\t\t<div class=\"elementor-widget-container\">\n\t\t\t\t\t\t\t\t\t<p>Strada Dobroe\u0219ti 95-113, \u00een Sectorul 2 Bucure\u0219ti, pe malul Lacului Fundeni, o suprafa\u021b\u0103 extins\u0103 de teren cu folosin\u021b\u0103 mixt\u0103, compus\u0103 din patru parcele, situat\u0103 \u00een vibrantul \u201eintravilan\u201d, cu o suprafa\u021b\u0103 total\u0103 impresionant\u0103 de 57.000 mp.<\/p><p>Terenul beneficiaz\u0103 de o vizibilitate excelent\u0103, fiind situat chiar pe malul lacului. \u00cen plus, dimensiunea generoas\u0103 permite multiple op\u021biuni de design pentru o poten\u021bial\u0103 dezvoltare. \u00cen cele din urm\u0103, activitatea de dezvoltare \u00een cre\u0219tere din zon\u0103 ofer\u0103 un poten\u021bial ridicat de majorare a valorii \u00een viitorul apropiat.<\/p>\t\t\t\t\t\t\t\t<\/div>\n\t\t\t\t<\/div>\n\t\t<div class=\"elementor-element elementor-element-fcb4523 e-con-full e-grid e-con e-child\" data-id=\"fcb4523\" data-element_type=\"container\" data-settings=\"{&quot;background_background&quot;:&quot;classic&quot;}\">\n\t\t\t\t<div class=\"elementor-element elementor-element-9d29c17 elementor-invisible elementor-widget elementor-widget-pix-feature\" data-id=\"9d29c17\" data-element_type=\"widget\" data-widget_type=\"pix-feature.default\">\n\t\t\t\t<div class=\"elementor-widget-container\">\n\t\t\t\t\t<div id=\"pix-feature-9d29c17\" class=\"pix-feature-el text-custom \"><h5 class=\"pix-feature-title font-weight-bold   text-heading-default animate-in\" style=\"\" data-anim-type=\"fade-in-down\" data-anim-delay=\"100\">57.000 mp<\/h5><div class=\"pix-feature-content text-text-gray      animate-in\" style=\"padding-top:6px;\" data-anim-type=\"fade-in-down\" data-anim-delay=\"200\">Dimensiunea terenului<\/div><\/div>\t\t\t\t<\/div>\n\t\t\t\t<\/div>\n\t\t\t\t<\/div>\n\t\t\t\t<\/div>\n\t\t<div class=\"elementor-element elementor-element-1a86b0e e-con-full e-flex e-con e-child\" data-id=\"1a86b0e\" data-element_type=\"container\">\n\t\t\t\t<div class=\"elementor-element elementor-element-1ef8065 elementor-widget elementor-widget-pix-map\" data-id=\"1ef8065\" data-element_type=\"widget\" data-widget_type=\"pix-map.default\">\n\t\t\t\t<div class=\"elementor-widget-container\">\n\t\t\t\t\t<div class=\"overflow-hidden pix-map-out mb-2 mb-sm-0    \" ><section class=\"pix-google-map w-100\" data-style=\"silver\" data-color=\"\" data-saturation=\"-20\" data-brightness=\"5\" data-latitude=\"44.452677\" data-longitude=\"26.175147\" data-map-zoom=\"13\" data-marker=\"https:\/\/smartown.ro\/wp-content\/plugins\/pixfort-core\/functions\/images\/map\/pix-icon-location.svg\"><div class=\"google-container\"><\/div><div class=\"pix-zoom-in bg-white shadow rounded text-dark-opacity-8 text-18 d-flex align-items-center justify-content-center\"><svg class=\"pixfort-icon \" width=\"24\" height=\"24\"  data-name=\"Line\/pixfort-icon-plus-circle-1\" viewBox=\"2 2 20 20\"><path fill=\"none\" stroke=\"var(--pf-icon-color)\" stroke-linecap=\"round\" stroke-linejoin=\"round\" stroke-width=\"var(--pf-icon-stroke-width)\" d=\"M12,21 C16.9705627,21 21,16.9705627 21,12 C21,7.02943725 16.9705627,3 12,3 C7.02943725,3 3,7.02943725 3,12 C3,16.9705627 7.02943725,21 12,21 Z M12,8 L12,16 M8,12 L16,12\"\/><\/svg><\/div><div class=\"pix-zoom-out bg-white mt-1 shadow rounded text-dark-opacity-8 text-18 d-flex align-items-center justify-content-center\"><svg class=\"pixfort-icon \" width=\"24\" height=\"24\"  data-name=\"Line\/pixfort-icon-minus-circle-1\" viewBox=\"2 2 20 20\"><path fill=\"none\" stroke=\"var(--pf-icon-color)\" stroke-linecap=\"round\" stroke-linejoin=\"round\" stroke-width=\"var(--pf-icon-stroke-width)\" d=\"M12,21 C16.9705627,21 21,16.9705627 21,12 C21,7.02943725 16.9705627,3 12,3 C7.02943725,3 3,7.02943725 3,12 C3,16.9705627 7.02943725,21 12,21 Z M8,12 L16,12\"\/><\/svg><\/div><address class=\"bg-white rounded-lg text-body-default font-weight-bold shadow-inverse\">Dobroe\u0219ti<\/address><\/section><\/div>\t\t\t\t<\/div>\n\t\t\t\t<\/div>\n\t\t\t\t<\/div>\n\t\t\t\t<\/div>\n\t\t\t\t<\/div>\n\t\t","protected":false},"excerpt":{"rendered":"<p>Despre teren Strada Dobroe\u0219ti 95-113, \u00een Sectorul 2 Bucure\u0219ti, pe malul Lacului Fundeni, o suprafa\u021b\u0103 extins\u0103 de teren cu folosin\u021b\u0103 mixt\u0103, compus\u0103 din patru parcele, situat\u0103 \u00een vibrantul \u201eintravilan\u201d, cu o suprafa\u021b\u0103 total\u0103 impresionant\u0103 de 57.000 mp. Terenul beneficiaz\u0103 de&#8230;<\/p>\n","protected":false},"author":1,"featured_media":0,"parent":0,"menu_order":0,"comment_status":"closed","ping_status":"closed","template":"","meta":{"footnotes":""},"class_list":["post-14500","page","type-page","status-publish","hentry"],"_links":{"self":[{"href":"https:\/\/smartown.ro\/ro\/wp-json\/wp\/v2\/pages\/14500","targetHints":{"allow":["GET"]}}],"collection":[{"href":"https:\/\/smartown.ro\/ro\/wp-json\/wp\/v2\/pages"}],"about":[{"href":"https:\/\/smartown.ro\/ro\/wp-json\/wp\/v2\/types\/page"}],"author":[{"embeddable":true,"href":"https:\/\/smartown.ro\/ro\/wp-json\/wp\/v2\/users\/1"}],"replies":[{"embeddable":true,"href":"https:\/\/smartown.ro\/ro\/wp-json\/wp\/v2\/comments?post=14500"}],"version-history":[{"count":4,"href":"https:\/\/smartown.ro\/ro\/wp-json\/wp\/v2\/pages\/14500\/revisions"}],"predecessor-version":[{"id":14644,"href":"https:\/\/smartown.ro\/ro\/wp-json\/wp\/v2\/pages\/14500\/revisions\/14644"}],"wp:attachment":[{"href":"https:\/\/smartown.ro\/ro\/wp-json\/wp\/v2\/media?parent=14500"}],"curies":[{"name":"wp","href":"https:\/\/api.w.org\/{rel}","templated":true}]}}