{"id":14502,"date":"2025-08-04T17:50:35","date_gmt":"2025-08-04T17:50:35","guid":{"rendered":"https:\/\/smartown.ro\/dorobanti\/"},"modified":"2025-08-20T09:46:21","modified_gmt":"2025-08-20T09:46:21","slug":"dorobanti","status":"publish","type":"page","link":"https:\/\/smartown.ro\/ro\/dorobanti\/","title":{"rendered":"Doroban\u021bi"},"content":{"rendered":"\t\t<div data-elementor-type=\"wp-page\" data-elementor-id=\"14502\" class=\"elementor elementor-14502 elementor-14140\" data-elementor-post-type=\"page\">\n\t\t\t\t<div class=\"elementor-element elementor-element-8e1df36 e-con-full e-flex e-con e-parent\" data-id=\"8e1df36\" data-element_type=\"container\">\n\t\t<div class=\"elementor-element elementor-element-bc33cf0 e-con-full e-flex e-con e-child\" data-id=\"bc33cf0\" data-element_type=\"container\">\n\t\t\t\t<div class=\"elementor-element elementor-element-a23fce1 elementor-widget elementor-widget-pix-heading\" data-id=\"a23fce1\" data-element_type=\"widget\" data-widget_type=\"pix-heading.default\">\n\t\t\t\t<div class=\"elementor-widget-container\">\n\t\t\t\t\t<div  class=\"pix-heading-el text-left \"><h2 class=\"font-weight-bold h2 heading-text el-title_custom_color mb-12\" style=\"\" data-anim-type=\"\" data-anim-delay=\"\">Ce face Doroban\u021bi unic?<\/h2><\/div>\t\t\t\t<\/div>\n\t\t\t\t<\/div>\n\t\t\t\t<div class=\"elementor-element elementor-element-461f8bb elementor-widget elementor-widget-text-editor\" data-id=\"461f8bb\" data-element_type=\"widget\" data-widget_type=\"text-editor.default\">\n\t\t\t\t<div class=\"elementor-widget-container\">\n\t\t\t\t\t\t\t\t\t<p>Doroban\u021bi este o proprietate situat\u0103 pe una dintre cele mai vechi str\u0103zi din Bucure\u0219ti. Aceasta cuprinde un teren liber potrivit pentru dezvoltarea unui proiect reziden\u021bial, hotelier sau de birouri, \u00eempreun\u0103 cu 3 vile de patrimoniu (Doroban\u021bi 16, Doroban\u021bi 18 \u0219i Eminescu 27), adev\u0103rate capodopere de arhitectur\u0103. Aceste vile sunt dispuse pe mezanin, parter \u0219i un fermec\u0103tor nivel superior. Fa\u021bada distinctiv\u0103 a propriet\u0103\u021bii, \u00eempodobit\u0103 cu elegan\u021b\u0103 atemporal\u0103, \u0219i finisajele interioare meticuloase creeaz\u0103 cadrul perfect pentru o afacere comercial\u0103 sau un spa\u021biu de birouri excep\u021bional. Aceast\u0103 proprietate ofer\u0103 o oportunitate excelent\u0103 pentru o varietate de proiecte vizionare care pot beneficia de stilul rafinat al acestor bijuterii arhitecturale.<\/p><div>Doroban\u021bi ofer\u0103 servicii \u0219i facilit\u0103\u021bi excelente av\u00e2nd \u00een vedere c\u0103 <b>cafeneaua Tucano<\/b> \u0219i <b>Doro 16<\/b> (loca\u021bie pentru evenimente private) sunt ambele situate \u00een incint\u0103.<\/div>\t\t\t\t\t\t\t\t<\/div>\n\t\t\t\t<\/div>\n\t\t<div class=\"elementor-element elementor-element-fcb4523 e-con-full e-grid e-con e-child\" data-id=\"fcb4523\" data-element_type=\"container\" data-settings=\"{&quot;background_background&quot;:&quot;classic&quot;}\">\n\t\t\t\t<div class=\"elementor-element elementor-element-9d29c17 elementor-invisible elementor-widget elementor-widget-pix-feature\" data-id=\"9d29c17\" data-element_type=\"widget\" data-widget_type=\"pix-feature.default\">\n\t\t\t\t<div class=\"elementor-widget-container\">\n\t\t\t\t\t<div id=\"pix-feature-9d29c17\" class=\"pix-feature-el text-custom \"><h5 class=\"pix-feature-title font-weight-bold   text-heading-default animate-in\" style=\"\" data-anim-type=\"fade-in-down\" data-anim-delay=\"100\">5.305 mp<\/h5><div class=\"pix-feature-content text-text-gray      animate-in\" style=\"padding-top:6px;\" data-anim-type=\"fade-in-down\" data-anim-delay=\"200\">Amprent\u0103 la sol<\/div><\/div>\t\t\t\t<\/div>\n\t\t\t\t<\/div>\n\t\t\t\t<div class=\"elementor-element elementor-element-ba752b8 elementor-invisible elementor-widget elementor-widget-pix-feature\" data-id=\"ba752b8\" data-element_type=\"widget\" data-widget_type=\"pix-feature.default\">\n\t\t\t\t<div class=\"elementor-widget-container\">\n\t\t\t\t\t<div id=\"ba752b8\" class=\"pix-feature-el text-custom \"><h5 class=\"pix-feature-title font-weight-bold   text-heading-default animate-in\" style=\"\" data-anim-type=\"fade-in-down\" data-anim-delay=\"100\">21,220<\/h5><div class=\"pix-feature-content text-text-gray      animate-in\" style=\"padding-top:6px;\" data-anim-type=\"fade-in-down\" data-anim-delay=\"200\">Suprafa\u021b\u0103 total\u0103 construit\u0103<\/div><\/div>\t\t\t\t<\/div>\n\t\t\t\t<\/div>\n\t\t\t\t<div class=\"elementor-element elementor-element-e7dc46e elementor-invisible elementor-widget elementor-widget-pix-feature\" data-id=\"e7dc46e\" data-element_type=\"widget\" data-widget_type=\"pix-feature.default\">\n\t\t\t\t<div class=\"elementor-widget-container\">\n\t\t\t\t\t<div id=\"e7dc46e\" class=\"pix-feature-el text-custom \"><h5 class=\"pix-feature-title font-weight-bold   text-heading-default animate-in\" style=\"\" data-anim-type=\"fade-in-down\" data-anim-delay=\"100\">2<\/h5><div class=\"pix-feature-content text-text-gray      animate-in\" style=\"padding-top:6px;\" data-anim-type=\"fade-in-down\" data-anim-delay=\"200\">Cl\u0103diri noi<\/div><\/div>\t\t\t\t<\/div>\n\t\t\t\t<\/div>\n\t\t\t\t<div class=\"elementor-element elementor-element-0aff396 elementor-invisible elementor-widget elementor-widget-pix-feature\" data-id=\"0aff396\" data-element_type=\"widget\" data-widget_type=\"pix-feature.default\">\n\t\t\t\t<div class=\"elementor-widget-container\">\n\t\t\t\t\t<div id=\"pix-feature-0aff396\" class=\"pix-feature-el text-custom \"><h5 class=\"pix-feature-title font-weight-bold   text-heading-default animate-in\" style=\"\" data-anim-type=\"fade-in-down\" data-anim-delay=\"100\">4<\/h5><div class=\"pix-feature-content text-text-gray      animate-in\" style=\"padding-top:6px;\" data-anim-type=\"fade-in-down\" data-anim-delay=\"200\">Vile existente (protejate pentru conservare)<\/div><\/div>\t\t\t\t<\/div>\n\t\t\t\t<\/div>\n\t\t\t\t<\/div>\n\t\t\t\t<\/div>\n\t\t<div class=\"elementor-element elementor-element-1a86b0e e-con-full e-flex e-con e-child\" data-id=\"1a86b0e\" data-element_type=\"container\">\n\t\t\t\t<div class=\"elementor-element elementor-element-35bc927 elementor-widget elementor-widget-gallery\" data-id=\"35bc927\" data-element_type=\"widget\" data-settings=\"{&quot;columns&quot;:2,&quot;lazyload&quot;:&quot;yes&quot;,&quot;gallery_layout&quot;:&quot;grid&quot;,&quot;columns_tablet&quot;:2,&quot;columns_mobile&quot;:1,&quot;gap&quot;:{&quot;unit&quot;:&quot;px&quot;,&quot;size&quot;:10,&quot;sizes&quot;:[]},&quot;gap_tablet&quot;:{&quot;unit&quot;:&quot;px&quot;,&quot;size&quot;:10,&quot;sizes&quot;:[]},&quot;gap_mobile&quot;:{&quot;unit&quot;:&quot;px&quot;,&quot;size&quot;:10,&quot;sizes&quot;:[]},&quot;link_to&quot;:&quot;file&quot;,&quot;aspect_ratio&quot;:&quot;3:2&quot;,&quot;overlay_background&quot;:&quot;yes&quot;,&quot;content_hover_animation&quot;:&quot;fade-in&quot;}\" data-widget_type=\"gallery.default\">\n\t\t\t\t<div class=\"elementor-widget-container\">\n\t\t\t\t\t\t\t<div class=\"elementor-gallery__container\">\n\t\t\t\t\t\t\t<a class=\"e-gallery-item elementor-gallery-item elementor-animated-content\" href=\"https:\/\/smartown.ro\/wp-content\/uploads\/2025\/06\/dorobanti-1.png\" data-elementor-open-lightbox=\"yes\" data-elementor-lightbox-slideshow=\"35bc927\" data-e-action-hash=\"#elementor-action%3Aaction%3Dlightbox%26settings%3DeyJpZCI6MTM2OTUsInVybCI6Imh0dHBzOlwvXC9zbWFydG93bi5yb1wvd3AtY29udGVudFwvdXBsb2Fkc1wvMjAyNVwvMDZcL2Rvcm9iYW50aS0xLnBuZyIsInNsaWRlc2hvdyI6IjM1YmM5MjcifQ%3D%3D\">\n\t\t\t\t\t<div class=\"e-gallery-image elementor-gallery-item__image\" data-thumbnail=\"https:\/\/smartown.ro\/wp-content\/uploads\/2025\/06\/dorobanti-1.png\" data-width=\"596\" data-height=\"605\" aria-label=\"\" role=\"img\" ><\/div>\n\t\t\t\t\t\t\t\t\t\t\t<div class=\"elementor-gallery-item__overlay\"><\/div>\n\t\t\t\t\t\t\t\t\t\t\t\t\t\t<\/a>\n\t\t\t\t\t\t\t<a class=\"e-gallery-item elementor-gallery-item elementor-animated-content\" href=\"https:\/\/smartown.ro\/wp-content\/uploads\/2025\/06\/dorobanti-2.png\" data-elementor-open-lightbox=\"yes\" data-elementor-lightbox-slideshow=\"35bc927\" data-e-action-hash=\"#elementor-action%3Aaction%3Dlightbox%26settings%3DeyJpZCI6MTM2OTYsInVybCI6Imh0dHBzOlwvXC9zbWFydG93bi5yb1wvd3AtY29udGVudFwvdXBsb2Fkc1wvMjAyNVwvMDZcL2Rvcm9iYW50aS0yLnBuZyIsInNsaWRlc2hvdyI6IjM1YmM5MjcifQ%3D%3D\">\n\t\t\t\t\t<div class=\"e-gallery-image elementor-gallery-item__image\" data-thumbnail=\"https:\/\/smartown.ro\/wp-content\/uploads\/2025\/06\/dorobanti-2.png\" data-width=\"597\" data-height=\"605\" aria-label=\"\" role=\"img\" ><\/div>\n\t\t\t\t\t\t\t\t\t\t\t<div class=\"elementor-gallery-item__overlay\"><\/div>\n\t\t\t\t\t\t\t\t\t\t\t\t\t\t<\/a>\n\t\t\t\t\t\t\t<a class=\"e-gallery-item elementor-gallery-item elementor-animated-content\" href=\"https:\/\/smartown.ro\/wp-content\/uploads\/2025\/06\/dorobanti-3.jpg\" data-elementor-open-lightbox=\"yes\" data-elementor-lightbox-slideshow=\"35bc927\" data-e-action-hash=\"#elementor-action%3Aaction%3Dlightbox%26settings%3DeyJpZCI6MTM2OTcsInVybCI6Imh0dHBzOlwvXC9zbWFydG93bi5yb1wvd3AtY29udGVudFwvdXBsb2Fkc1wvMjAyNVwvMDZcL2Rvcm9iYW50aS0zLmpwZyIsInNsaWRlc2hvdyI6IjM1YmM5MjcifQ%3D%3D\">\n\t\t\t\t\t<div class=\"e-gallery-image elementor-gallery-item__image\" data-thumbnail=\"https:\/\/smartown.ro\/wp-content\/uploads\/2025\/06\/dorobanti-3.jpg\" data-width=\"640\" data-height=\"501\" aria-label=\"\" role=\"img\" ><\/div>\n\t\t\t\t\t\t\t\t\t\t\t<div class=\"elementor-gallery-item__overlay\"><\/div>\n\t\t\t\t\t\t\t\t\t\t\t\t\t\t<\/a>\n\t\t\t\t\t\t\t<a class=\"e-gallery-item elementor-gallery-item elementor-animated-content\" href=\"https:\/\/smartown.ro\/wp-content\/uploads\/2025\/06\/dorobanti-4.jpg\" data-elementor-open-lightbox=\"yes\" data-elementor-lightbox-slideshow=\"35bc927\" data-e-action-hash=\"#elementor-action%3Aaction%3Dlightbox%26settings%3DeyJpZCI6MTM2OTgsInVybCI6Imh0dHBzOlwvXC9zbWFydG93bi5yb1wvd3AtY29udGVudFwvdXBsb2Fkc1wvMjAyNVwvMDZcL2Rvcm9iYW50aS00LmpwZyIsInNsaWRlc2hvdyI6IjM1YmM5MjcifQ%3D%3D\">\n\t\t\t\t\t<div class=\"e-gallery-image elementor-gallery-item__image\" data-thumbnail=\"https:\/\/smartown.ro\/wp-content\/uploads\/2025\/06\/dorobanti-4.jpg\" data-width=\"324\" data-height=\"350\" aria-label=\"\" role=\"img\" ><\/div>\n\t\t\t\t\t\t\t\t\t\t\t<div class=\"elementor-gallery-item__overlay\"><\/div>\n\t\t\t\t\t\t\t\t\t\t\t\t\t\t<\/a>\n\t\t\t\t\t\t\t<a class=\"e-gallery-item elementor-gallery-item elementor-animated-content\" href=\"https:\/\/smartown.ro\/wp-content\/uploads\/2025\/06\/dorobanti-5.jpg\" data-elementor-open-lightbox=\"yes\" data-elementor-lightbox-slideshow=\"35bc927\" data-e-action-hash=\"#elementor-action%3Aaction%3Dlightbox%26settings%3DeyJpZCI6MTM2OTksInVybCI6Imh0dHBzOlwvXC9zbWFydG93bi5yb1wvd3AtY29udGVudFwvdXBsb2Fkc1wvMjAyNVwvMDZcL2Rvcm9iYW50aS01LmpwZyIsInNsaWRlc2hvdyI6IjM1YmM5MjcifQ%3D%3D\">\n\t\t\t\t\t<div class=\"e-gallery-image elementor-gallery-item__image\" data-thumbnail=\"https:\/\/smartown.ro\/wp-content\/uploads\/2025\/06\/dorobanti-5.jpg\" data-width=\"326\" data-height=\"352\" aria-label=\"\" role=\"img\" ><\/div>\n\t\t\t\t\t\t\t\t\t\t\t<div class=\"elementor-gallery-item__overlay\"><\/div>\n\t\t\t\t\t\t\t\t\t\t\t\t\t\t<\/a>\n\t\t\t\t\t\t\t<a class=\"e-gallery-item elementor-gallery-item elementor-animated-content\" href=\"https:\/\/smartown.ro\/wp-content\/uploads\/2025\/06\/dorobanti-6.jpg\" data-elementor-open-lightbox=\"yes\" data-elementor-lightbox-slideshow=\"35bc927\" data-e-action-hash=\"#elementor-action%3Aaction%3Dlightbox%26settings%3DeyJpZCI6MTM3MDAsInVybCI6Imh0dHBzOlwvXC9zbWFydG93bi5yb1wvd3AtY29udGVudFwvdXBsb2Fkc1wvMjAyNVwvMDZcL2Rvcm9iYW50aS02LmpwZyIsInNsaWRlc2hvdyI6IjM1YmM5MjcifQ%3D%3D\">\n\t\t\t\t\t<div class=\"e-gallery-image elementor-gallery-item__image\" data-thumbnail=\"https:\/\/smartown.ro\/wp-content\/uploads\/2025\/06\/dorobanti-6-1024x867.jpg\" data-width=\"640\" data-height=\"542\" aria-label=\"\" role=\"img\" ><\/div>\n\t\t\t\t\t\t\t\t\t\t\t<div class=\"elementor-gallery-item__overlay\"><\/div>\n\t\t\t\t\t\t\t\t\t\t\t\t\t\t<\/a>\n\t\t\t\t\t\t\t<a class=\"e-gallery-item elementor-gallery-item elementor-animated-content\" href=\"https:\/\/smartown.ro\/wp-content\/uploads\/2025\/06\/dorobanti-7.png\" data-elementor-open-lightbox=\"yes\" data-elementor-lightbox-slideshow=\"35bc927\" data-e-action-hash=\"#elementor-action%3Aaction%3Dlightbox%26settings%3DeyJpZCI6MTM3MDEsInVybCI6Imh0dHBzOlwvXC9zbWFydG93bi5yb1wvd3AtY29udGVudFwvdXBsb2Fkc1wvMjAyNVwvMDZcL2Rvcm9iYW50aS03LnBuZyIsInNsaWRlc2hvdyI6IjM1YmM5MjcifQ%3D%3D\">\n\t\t\t\t\t<div class=\"e-gallery-image elementor-gallery-item__image\" data-thumbnail=\"https:\/\/smartown.ro\/wp-content\/uploads\/2025\/06\/dorobanti-7.png\" data-width=\"319\" data-height=\"294\" aria-label=\"\" role=\"img\" ><\/div>\n\t\t\t\t\t\t\t\t\t\t\t<div class=\"elementor-gallery-item__overlay\"><\/div>\n\t\t\t\t\t\t\t\t\t\t\t\t\t\t<\/a>\n\t\t\t\t\t\t\t<a class=\"e-gallery-item elementor-gallery-item elementor-animated-content\" href=\"https:\/\/smartown.ro\/wp-content\/uploads\/2025\/06\/dorobanti-8.png\" data-elementor-open-lightbox=\"yes\" data-elementor-lightbox-slideshow=\"35bc927\" data-e-action-hash=\"#elementor-action%3Aaction%3Dlightbox%26settings%3DeyJpZCI6MTM3MDIsInVybCI6Imh0dHBzOlwvXC9zbWFydG93bi5yb1wvd3AtY29udGVudFwvdXBsb2Fkc1wvMjAyNVwvMDZcL2Rvcm9iYW50aS04LnBuZyIsInNsaWRlc2hvdyI6IjM1YmM5MjcifQ%3D%3D\">\n\t\t\t\t\t<div class=\"e-gallery-image elementor-gallery-item__image\" data-thumbnail=\"https:\/\/smartown.ro\/wp-content\/uploads\/2025\/06\/dorobanti-8.png\" data-width=\"640\" data-height=\"706\" aria-label=\"\" role=\"img\" ><\/div>\n\t\t\t\t\t\t\t\t\t\t\t<div class=\"elementor-gallery-item__overlay\"><\/div>\n\t\t\t\t\t\t\t\t\t\t\t\t\t\t<\/a>\n\t\t\t\t\t<\/div>\n\t\t\t\t\t<\/div>\n\t\t\t\t<\/div>\n\t\t\t\t<div class=\"elementor-element elementor-element-7302520 elementor-widget elementor-widget-pix-map\" data-id=\"7302520\" data-element_type=\"widget\" data-widget_type=\"pix-map.default\">\n\t\t\t\t<div class=\"elementor-widget-container\">\n\t\t\t\t\t<div class=\"overflow-hidden pix-map-out mb-2 mb-sm-0    \" ><section class=\"pix-google-map w-100\" data-style=\"silver\" data-color=\"\" data-saturation=\"-20\" data-brightness=\"5\" data-latitude=\"44.44764551021499\" data-longitude=\"26.09975621741337\" data-map-zoom=\"13\" data-marker=\"https:\/\/smartown.ro\/wp-content\/plugins\/pixfort-core\/functions\/images\/map\/pix-icon-location.svg\"><div class=\"google-container\"><\/div><div class=\"pix-zoom-in bg-white shadow rounded text-dark-opacity-8 text-18 d-flex align-items-center justify-content-center\"><svg class=\"pixfort-icon \" width=\"24\" height=\"24\"  data-name=\"Line\/pixfort-icon-plus-circle-1\" viewBox=\"2 2 20 20\"><path fill=\"none\" stroke=\"var(--pf-icon-color)\" stroke-linecap=\"round\" stroke-linejoin=\"round\" stroke-width=\"var(--pf-icon-stroke-width)\" d=\"M12,21 C16.9705627,21 21,16.9705627 21,12 C21,7.02943725 16.9705627,3 12,3 C7.02943725,3 3,7.02943725 3,12 C3,16.9705627 7.02943725,21 12,21 Z M12,8 L12,16 M8,12 L16,12\"\/><\/svg><\/div><div class=\"pix-zoom-out bg-white mt-1 shadow rounded text-dark-opacity-8 text-18 d-flex align-items-center justify-content-center\"><svg class=\"pixfort-icon \" width=\"24\" height=\"24\"  data-name=\"Line\/pixfort-icon-minus-circle-1\" viewBox=\"2 2 20 20\"><path fill=\"none\" stroke=\"var(--pf-icon-color)\" stroke-linecap=\"round\" stroke-linejoin=\"round\" stroke-width=\"var(--pf-icon-stroke-width)\" d=\"M12,21 C16.9705627,21 21,16.9705627 21,12 C21,7.02943725 16.9705627,3 12,3 C7.02943725,3 3,7.02943725 3,12 C3,16.9705627 7.02943725,21 12,21 Z M8,12 L16,12\"\/><\/svg><\/div><address class=\"bg-white rounded-lg text-body-default font-weight-bold shadow-inverse\">Proiectul doroban\u021bi<\/address><\/section><\/div>\t\t\t\t<\/div>\n\t\t\t\t<\/div>\n\t\t\t\t<\/div>\n\t\t\t\t<\/div>\n\t\t\t\t<\/div>\n\t\t","protected":false},"excerpt":{"rendered":"<p>Ce face Doroban\u021bi unic? Doroban\u021bi este o proprietate situat\u0103 pe una dintre cele mai vechi str\u0103zi din Bucure\u0219ti. Aceasta cuprinde un teren liber potrivit pentru dezvoltarea unui proiect reziden\u021bial, hotelier sau de birouri, \u00eempreun\u0103 cu 3 vile de patrimoniu (Doroban\u021bi&#8230;<\/p>\n","protected":false},"author":1,"featured_media":0,"parent":0,"menu_order":0,"comment_status":"closed","ping_status":"closed","template":"","meta":{"footnotes":""},"class_list":["post-14502","page","type-page","status-publish","hentry"],"_links":{"self":[{"href":"https:\/\/smartown.ro\/ro\/wp-json\/wp\/v2\/pages\/14502","targetHints":{"allow":["GET"]}}],"collection":[{"href":"https:\/\/smartown.ro\/ro\/wp-json\/wp\/v2\/pages"}],"about":[{"href":"https:\/\/smartown.ro\/ro\/wp-json\/wp\/v2\/types\/page"}],"author":[{"embeddable":true,"href":"https:\/\/smartown.ro\/ro\/wp-json\/wp\/v2\/users\/1"}],"replies":[{"embeddable":true,"href":"https:\/\/smartown.ro\/ro\/wp-json\/wp\/v2\/comments?post=14502"}],"version-history":[{"count":6,"href":"https:\/\/smartown.ro\/ro\/wp-json\/wp\/v2\/pages\/14502\/revisions"}],"predecessor-version":[{"id":14659,"href":"https:\/\/smartown.ro\/ro\/wp-json\/wp\/v2\/pages\/14502\/revisions\/14659"}],"wp:attachment":[{"href":"https:\/\/smartown.ro\/ro\/wp-json\/wp\/v2\/media?parent=14502"}],"curies":[{"name":"wp","href":"https:\/\/api.w.org\/{rel}","templated":true}]}}