{"id":14503,"date":"2025-08-04T17:44:55","date_gmt":"2025-08-04T17:44:55","guid":{"rendered":"https:\/\/smartown.ro\/polona-68-business-center\/"},"modified":"2025-10-25T18:42:49","modified_gmt":"2025-10-25T18:42:49","slug":"polona-68-business-center","status":"publish","type":"page","link":"https:\/\/smartown.ro\/ro\/polona-68-business-center\/","title":{"rendered":"Polon\u0103 68 Business Center"},"content":{"rendered":"\t\t<div data-elementor-type=\"wp-page\" data-elementor-id=\"14503\" class=\"elementor elementor-14503 elementor-14124\" data-elementor-post-type=\"page\">\n\t\t\t\t<div class=\"elementor-element elementor-element-8e1df36 e-con-full e-flex e-con e-parent\" data-id=\"8e1df36\" data-element_type=\"container\">\n\t\t<div class=\"elementor-element elementor-element-bc33cf0 e-con-full e-flex e-con e-child\" data-id=\"bc33cf0\" data-element_type=\"container\">\n\t\t\t\t<div class=\"elementor-element elementor-element-a23fce1 elementor-widget elementor-widget-pix-heading\" data-id=\"a23fce1\" data-element_type=\"widget\" data-widget_type=\"pix-heading.default\">\n\t\t\t\t<div class=\"elementor-widget-container\">\n\t\t\t\t\t<div  class=\"pix-heading-el text-left \"><h2 class=\"font-weight-bold h2 heading-text el-title_custom_color mb-12\" style=\"\" data-anim-type=\"\" data-anim-delay=\"\">Ce face Polon\u0103 68 Business Center unic\u0103?<\/h2><\/div>\t\t\t\t<\/div>\n\t\t\t\t<\/div>\n\t\t\t\t<div class=\"elementor-element elementor-element-461f8bb elementor-widget elementor-widget-text-editor\" data-id=\"461f8bb\" data-element_type=\"widget\" data-widget_type=\"text-editor.default\">\n\t\t\t\t<div class=\"elementor-widget-container\">\n\t\t\t\t\t\t\t\t\t<p>P68 este o cl\u0103dire de birouri boutique clasa A situat\u0103 \u00een CBD-ul Bucure\u0219tiului, loca\u021bie premium pentru birouri \u0219i reziden\u021bial, cu 9.443 mp GLA. Este format\u0103 din 2 niveluri de parcare subteran\u0103, parter \u0219i 5 niveluri de birouri. La parter, zona este \u00eemp\u0103r\u021bit\u0103 \u00een 3 corpuri distincte separate prin dou\u0103 spa\u021bii deschise acoperite.<\/p><p>Beneficiaz\u0103 de acces facil at\u00e2t c\u0103tre centrul ora\u0219ului, c\u00e2t \u0219i c\u0103tre aeroport, fiind situat\u0103 pe Strada Polon\u0103, paralel\u0103 cu Calea Doroban\u021bilor \u0219i u\u0219or accesibil\u0103 din Bulevardele \u0218tefan cel Mare \u0219i Dacia.<\/p><p>Accesul facil la re\u021beaua de transport public este un mare avantaj pentru cl\u0103dire, av\u00e2nd \u00een vedere c\u0103 sta\u021biile de metrou \u0218tefan cel Mare \u0219i Pia\u021ba Roman\u0103 pot fi accesate \u00een 5-10 minute de mers pe jos \u0219i exist\u0103 8 linii de autobuz urban, 1 linie de autobuz expres \u0219i 5 linii de tramvai care opereaz\u0103 \u00een imediata apropiere.<\/p><p><b>Transport public \u00een apropiere:<\/b><br>Metrou: \u0218tefan cel Mare (linia M1)<br>Autobuz: 135, 182, 301, 331, 331B, 335, 461<br>Tramvai: 1, 10<\/p>\t\t\t\t\t\t\t\t<\/div>\n\t\t\t\t<\/div>\n\t\t\t\t<div class=\"elementor-element elementor-element-f9930c8 elementor-widget elementor-widget-pix-button\" data-id=\"f9930c8\" data-element_type=\"widget\" data-widget_type=\"pix-button.default\">\n\t\t\t\t<div class=\"elementor-widget-container\">\n\t\t\t\t\t<a  href=\"https:\/\/smartown.ro\/wp-content\/uploads\/2025\/10\/polona-68.pdf\" class=\"btn m-0      btn-link text-secondary d-inline-flex align-items-center pix-hover-item  no-padding     btn-lg\" target=\"_blank\" rel=\"noopener\"    ><span class=\"font-weight-bold \" >Descarc\u0103 bro\u0219ura<\/span><svg class=\"pixfort-icon font-weight-bold  pix-hover-right  ml-2\" width=\"24\" height=\"24\"  data-name=\"Duotone\/pixfort-icon-arrow-right-2\" viewBox=\"2 2 20 20\"><path fill=\"var(--pf-icon-color)\" fill-rule=\"evenodd\" d=\"M8.79289322,6.29289322 C9.18341751,5.90236893 9.81658249,5.90236893 10.2071068,6.29289322 L15.2071068,11.2928932 C15.5976311,11.6834175 15.5976311,12.3165825 15.2071068,12.7071068 L10.2071068,17.7071068 C9.81658249,18.0976311 9.18341751,18.0976311 8.79289322,17.7071068 C8.40236893,17.3165825 8.40236893,16.6834175 8.79289322,16.2928932 L13.085,12 L8.79289322,7.70710678 C8.43240926,7.34662282 8.40467972,6.77939176 8.70970461,6.38710056 L8.79289322,6.29289322 Z\"\/><\/svg><\/a>\t\t\t\t<\/div>\n\t\t\t\t<\/div>\n\t\t<div class=\"elementor-element elementor-element-fcb4523 e-con-full e-grid e-con e-child\" data-id=\"fcb4523\" data-element_type=\"container\" data-settings=\"{&quot;background_background&quot;:&quot;classic&quot;}\">\n\t\t\t\t<div class=\"elementor-element elementor-element-9d29c17 elementor-invisible elementor-widget elementor-widget-pix-feature\" data-id=\"9d29c17\" data-element_type=\"widget\" data-widget_type=\"pix-feature.default\">\n\t\t\t\t<div class=\"elementor-widget-container\">\n\t\t\t\t\t<div id=\"pix-feature-9d29c17\" class=\"pix-feature-el text-custom \"><h5 class=\"pix-feature-title font-weight-bold   text-heading-default animate-in\" style=\"\" data-anim-type=\"fade-in-down\" data-anim-delay=\"100\">9.443 mp<\/h5><div class=\"pix-feature-content text-text-gray      animate-in\" style=\"padding-top:6px;\" data-anim-type=\"fade-in-down\" data-anim-delay=\"200\">GLA  <\/div><\/div>\t\t\t\t<\/div>\n\t\t\t\t<\/div>\n\t\t\t\t<div class=\"elementor-element elementor-element-ba752b8 elementor-invisible elementor-widget elementor-widget-pix-feature\" data-id=\"ba752b8\" data-element_type=\"widget\" data-widget_type=\"pix-feature.default\">\n\t\t\t\t<div class=\"elementor-widget-container\">\n\t\t\t\t\t<div id=\"ba752b8\" class=\"pix-feature-el text-custom \"><h5 class=\"pix-feature-title font-weight-bold   text-heading-default animate-in\" style=\"\" data-anim-type=\"fade-in-down\" data-anim-delay=\"100\">2S + P + 5E<\/h5><div class=\"pix-feature-content text-text-gray      animate-in\" style=\"padding-top:6px;\" data-anim-type=\"fade-in-down\" data-anim-delay=\"200\">Etaje<\/div><\/div>\t\t\t\t<\/div>\n\t\t\t\t<\/div>\n\t\t\t\t<div class=\"elementor-element elementor-element-e7dc46e elementor-invisible elementor-widget elementor-widget-pix-feature\" data-id=\"e7dc46e\" data-element_type=\"widget\" data-widget_type=\"pix-feature.default\">\n\t\t\t\t<div class=\"elementor-widget-container\">\n\t\t\t\t\t<div id=\"e7dc46e\" class=\"pix-feature-el text-custom \"><h5 class=\"pix-feature-title font-weight-bold   text-heading-default animate-in\" style=\"\" data-anim-type=\"fade-in-down\" data-anim-delay=\"100\">199<\/h5><div class=\"pix-feature-content text-text-gray      animate-in\" style=\"padding-top:6px;\" data-anim-type=\"fade-in-down\" data-anim-delay=\"200\">Locuri de parcare<\/div><\/div>\t\t\t\t<\/div>\n\t\t\t\t<\/div>\n\t\t\t\t<\/div>\n\t\t\t\t<div class=\"elementor-element elementor-element-7f0112b elementor-widget elementor-widget-pix-heading\" data-id=\"7f0112b\" data-element_type=\"widget\" data-widget_type=\"pix-heading.default\">\n\t\t\t\t<div class=\"elementor-widget-container\">\n\t\t\t\t\t<div  class=\"pix-heading-el text-left \"><h2 class=\"font-weight-bold h2 heading-text el-title_custom_color mb-12\" style=\"\" data-anim-type=\"\" data-anim-delay=\"\">Distan\u021be de mers pe jos<\/h2><\/div>\t\t\t\t<\/div>\n\t\t\t\t<\/div>\n\t\t<div class=\"elementor-element elementor-element-b96cf9c e-con-full e-grid e-con e-child\" data-id=\"b96cf9c\" data-element_type=\"container\">\n\t\t\t\t<div class=\"elementor-element elementor-element-9c3f981 elementor-invisible elementor-widget elementor-widget-pix-feature\" data-id=\"9c3f981\" data-element_type=\"widget\" data-widget_type=\"pix-feature.default\">\n\t\t\t\t<div class=\"elementor-widget-container\">\n\t\t\t\t\t<div id=\"pix-feature-9c3f981\" class=\"pix-feature-el text-custom \"><h5 class=\"pix-feature-title font-weight-bold   text-heading-default animate-in\" style=\"\" data-anim-type=\"fade-in-down\" data-anim-delay=\"100\">5-7 min<\/h5><div class=\"pix-feature-content text-text-gray      animate-in\" style=\"padding-top:6px;\" data-anim-type=\"fade-in-down\" data-anim-delay=\"200\">Sta\u021bia de metrou \u0218tefan cel Mare (linia M2)<\/div><\/div>\t\t\t\t<\/div>\n\t\t\t\t<\/div>\n\t\t\t\t<div class=\"elementor-element elementor-element-ea9dddd elementor-invisible elementor-widget elementor-widget-pix-feature\" data-id=\"ea9dddd\" data-element_type=\"widget\" data-widget_type=\"pix-feature.default\">\n\t\t\t\t<div class=\"elementor-widget-container\">\n\t\t\t\t\t<div id=\"ea9dddd\" class=\"pix-feature-el text-custom \"><h5 class=\"pix-feature-title font-weight-bold   text-heading-default animate-in\" style=\"\" data-anim-type=\"fade-in-down\" data-anim-delay=\"100\">10-15 min<\/h5><div class=\"pix-feature-content text-text-gray      animate-in\" style=\"padding-top:6px;\" data-anim-type=\"fade-in-down\" data-anim-delay=\"200\">Metrou Pia\u021ba Victoriei \/ Pia\u021ba Roman\u0103 (Centru de business)<\/div><\/div>\t\t\t\t<\/div>\n\t\t\t\t<\/div>\n\t\t\t\t<div class=\"elementor-element elementor-element-91c5460 elementor-invisible elementor-widget elementor-widget-pix-feature\" data-id=\"91c5460\" data-element_type=\"widget\" data-widget_type=\"pix-feature.default\">\n\t\t\t\t<div class=\"elementor-widget-container\">\n\t\t\t\t\t<div id=\"pix-feature-91c5460\" class=\"pix-feature-el text-custom \"><h5 class=\"pix-feature-title font-weight-bold   text-heading-default animate-in\" style=\"\" data-anim-type=\"fade-in-down\" data-anim-delay=\"100\">12-15 min<\/h5><div class=\"pix-feature-content text-text-gray      animate-in\" style=\"padding-top:6px;\" data-anim-type=\"fade-in-down\" data-anim-delay=\"200\">Calea Victoriei (bulevard arterial cu magazine, cafenele, obiective culturale)<\/div><\/div>\t\t\t\t<\/div>\n\t\t\t\t<\/div>\n\t\t\t\t<div class=\"elementor-element elementor-element-0a3b720 elementor-invisible elementor-widget elementor-widget-pix-feature\" data-id=\"0a3b720\" data-element_type=\"widget\" data-widget_type=\"pix-feature.default\">\n\t\t\t\t<div class=\"elementor-widget-container\">\n\t\t\t\t\t<div id=\"pix-feature-0a3b720\" class=\"pix-feature-el text-custom \"><h5 class=\"pix-feature-title font-weight-bold   text-heading-default animate-in\" style=\"\" data-anim-type=\"fade-in-down\" data-anim-delay=\"100\">10-12 min<\/h5><div class=\"pix-feature-content text-text-gray      animate-in\" style=\"padding-top:6px;\" data-anim-type=\"fade-in-down\" data-anim-delay=\"200\">Gr\u0103dinile Ci\u0219migiu<\/div><\/div>\t\t\t\t<\/div>\n\t\t\t\t<\/div>\n\t\t\t\t<\/div>\n\t\t\t\t<div class=\"elementor-element elementor-element-a0ffd5d elementor-widget elementor-widget-pix-heading\" data-id=\"a0ffd5d\" data-element_type=\"widget\" data-widget_type=\"pix-heading.default\">\n\t\t\t\t<div class=\"elementor-widget-container\">\n\t\t\t\t\t<div  class=\"pix-heading-el text-left \"><h2 class=\"font-weight-bold h2 heading-text el-title_custom_color mb-12\" style=\"\" data-anim-type=\"\" data-anim-delay=\"\">Facilit\u0103\u021bi<\/h2><\/div>\t\t\t\t<\/div>\n\t\t\t\t<\/div>\n\t\t<div class=\"elementor-element elementor-element-342da07 e-con-full e-grid e-con e-child\" data-id=\"342da07\" data-element_type=\"container\" data-settings=\"{&quot;background_background&quot;:&quot;classic&quot;}\">\n\t\t\t\t<div class=\"elementor-element elementor-element-727d326 elementor-invisible elementor-widget elementor-widget-pix-feature\" data-id=\"727d326\" data-element_type=\"widget\" data-widget_type=\"pix-feature.default\">\n\t\t\t\t<div class=\"elementor-widget-container\">\n\t\t\t\t\t<div id=\"pix-feature-727d326\" class=\"pix-feature-el text-custom \"><div class=\"feature_img position-relative animate-in\" data-anim-type=\"fade-in-down\" data-anim-delay=\"0\" style=\"width:48px;height:auto;display:inline-block;position:relative;\"><img decoding=\"async\" style=\"width:48px;height:48px;\" class=\"pix-fit-contain  \" src=\"https:\/\/smartown.ro\/wp-content\/uploads\/2025\/08\/kitchen.svg\" alt=\"Showroom pentru electrocasnice\"><\/div><h5 class=\"pix-feature-title font-weight-bold   text-heading-default animate-in\" style=\"padding-top:20px;\" data-anim-type=\"fade-in-down\" data-anim-delay=\"100\">Showroom pentru electrocasnice<\/h5><div class=\"pix-feature-content text-text-gray      animate-in\" style=\"padding-top:6px;\" data-anim-type=\"fade-in-down\" data-anim-delay=\"200\"><\/div><\/div>\t\t\t\t<\/div>\n\t\t\t\t<\/div>\n\t\t\t\t<div class=\"elementor-element elementor-element-1e044e3 elementor-invisible elementor-widget elementor-widget-pix-feature\" data-id=\"1e044e3\" data-element_type=\"widget\" data-widget_type=\"pix-feature.default\">\n\t\t\t\t<div class=\"elementor-widget-container\">\n\t\t\t\t\t<div id=\"pix-feature-1e044e3\" class=\"pix-feature-el text-custom \"><div class=\"feature_img position-relative animate-in\" data-anim-type=\"fade-in-down\" data-anim-delay=\"0\" style=\"width:48px;height:auto;display:inline-block;position:relative;\"><img decoding=\"async\" style=\"width:48px;height:48px;\" class=\"pix-fit-contain  \" src=\"https:\/\/smartown.ro\/wp-content\/uploads\/2025\/08\/lounge.svg\" alt=\"Zon\u0103 de lounge &amp; recep\u021bie\"><\/div><h5 class=\"pix-feature-title font-weight-bold   text-heading-default animate-in\" style=\"padding-top:20px;\" data-anim-type=\"fade-in-down\" data-anim-delay=\"100\">Zon\u0103 de lounge &amp; recep\u021bie<\/h5><div class=\"pix-feature-content text-text-gray      animate-in\" style=\"padding-top:6px;\" data-anim-type=\"fade-in-down\" data-anim-delay=\"200\"><\/div><\/div>\t\t\t\t<\/div>\n\t\t\t\t<\/div>\n\t\t\t\t<div class=\"elementor-element elementor-element-a093d88 elementor-invisible elementor-widget elementor-widget-pix-feature\" data-id=\"a093d88\" data-element_type=\"widget\" data-widget_type=\"pix-feature.default\">\n\t\t\t\t<div class=\"elementor-widget-container\">\n\t\t\t\t\t<div id=\"a093d88\" class=\"pix-feature-el text-custom \"><div class=\"feature_img position-relative animate-in\" data-anim-type=\"fade-in-down\" data-anim-delay=\"0\" style=\"width:48px;height:auto;display:inline-block;position:relative;\"><img decoding=\"async\" style=\"width:48px;height:48px;\" class=\"pix-fit-contain  \" src=\"https:\/\/smartown.ro\/wp-content\/uploads\/2025\/08\/cycling.svg\" alt=\"Rastel pentru biciclete la subsol\"><\/div><h5 class=\"pix-feature-title font-weight-bold   text-heading-default animate-in\" style=\"padding-top:20px;\" data-anim-type=\"fade-in-down\" data-anim-delay=\"100\">Rastel pentru biciclete la subsol<\/h5><div class=\"pix-feature-content text-text-gray      animate-in\" style=\"padding-top:6px;\" data-anim-type=\"fade-in-down\" data-anim-delay=\"200\"><\/div><\/div>\t\t\t\t<\/div>\n\t\t\t\t<\/div>\n\t\t\t\t<div class=\"elementor-element elementor-element-a75ce5d elementor-invisible elementor-widget elementor-widget-pix-feature\" data-id=\"a75ce5d\" data-element_type=\"widget\" data-widget_type=\"pix-feature.default\">\n\t\t\t\t<div class=\"elementor-widget-container\">\n\t\t\t\t\t<div id=\"a75ce5d\" class=\"pix-feature-el text-custom \"><div class=\"feature_img position-relative animate-in\" data-anim-type=\"fade-in-down\" data-anim-delay=\"0\" style=\"width:48px;height:auto;display:inline-block;position:relative;\"><img decoding=\"async\" style=\"width:48px;height:48px;\" class=\"pix-fit-contain  \" src=\"https:\/\/smartown.ro\/wp-content\/uploads\/2025\/08\/parking.svg\" alt=\"Parcare pentru vizitatori\"><\/div><h5 class=\"pix-feature-title font-weight-bold   text-heading-default animate-in\" style=\"padding-top:20px;\" data-anim-type=\"fade-in-down\" data-anim-delay=\"100\">Parcare pentru vizitatori<\/h5><div class=\"pix-feature-content text-text-gray      animate-in\" style=\"padding-top:6px;\" data-anim-type=\"fade-in-down\" data-anim-delay=\"200\"><\/div><\/div>\t\t\t\t<\/div>\n\t\t\t\t<\/div>\n\t\t\t\t<\/div>\n\t\t\t\t<div class=\"elementor-element elementor-element-96984f5 elementor-widget elementor-widget-pix-heading\" data-id=\"96984f5\" data-element_type=\"widget\" data-widget_type=\"pix-heading.default\">\n\t\t\t\t<div class=\"elementor-widget-container\">\n\t\t\t\t\t<div  class=\"pix-heading-el text-left \"><h2 class=\"font-weight-bold h2 heading-text el-title_custom_color mb-12\" style=\"\" data-anim-type=\"\" data-anim-delay=\"\">Sustenabilitate &amp; Mediu<\/h2><\/div>\t\t\t\t<\/div>\n\t\t\t\t<\/div>\n\t\t<div class=\"elementor-element elementor-element-fa453ec e-con-full e-grid e-con e-child\" data-id=\"fa453ec\" data-element_type=\"container\">\n\t\t\t\t<div class=\"elementor-element elementor-element-038fd42 elementor-invisible elementor-widget elementor-widget-pix-feature\" data-id=\"038fd42\" data-element_type=\"widget\" data-widget_type=\"pix-feature.default\">\n\t\t\t\t<div class=\"elementor-widget-container\">\n\t\t\t\t\t<div id=\"pix-feature-038fd42\" class=\"pix-feature-el text-custom \"><div class=\"feature_img position-relative animate-in\" data-anim-type=\"fade-in-down\" data-anim-delay=\"0\" style=\"width:74px;height:auto;display:inline-block;position:relative;\"><img decoding=\"async\" style=\"width:74px;height:74px;\" class=\"pix-fit-contain  \" src=\"https:\/\/smartown.ro\/wp-content\/uploads\/2025\/08\/green.svg\" alt=\"LEED Gold\"><\/div><h5 class=\"pix-feature-title font-weight-bold   text-heading-default animate-in\" style=\"padding-top:20px;\" data-anim-type=\"fade-in-down\" data-anim-delay=\"100\">LEED Gold<\/h5><div class=\"pix-feature-content text-text-gray      animate-in\" style=\"padding-top:6px;\" data-anim-type=\"fade-in-down\" data-anim-delay=\"200\">Cl\u0103dire de birouri certificat\u0103 sustenabil<\/div><\/div>\t\t\t\t<\/div>\n\t\t\t\t<\/div>\n\t\t\t\t<\/div>\n\t\t\t\t<\/div>\n\t\t<div class=\"elementor-element elementor-element-1a86b0e e-con-full e-flex e-con e-child\" data-id=\"1a86b0e\" data-element_type=\"container\">\n\t\t\t\t<div class=\"elementor-element elementor-element-35bc927 elementor-widget elementor-widget-gallery\" data-id=\"35bc927\" data-element_type=\"widget\" data-settings=\"{&quot;columns&quot;:2,&quot;lazyload&quot;:&quot;yes&quot;,&quot;gallery_layout&quot;:&quot;grid&quot;,&quot;columns_tablet&quot;:2,&quot;columns_mobile&quot;:1,&quot;gap&quot;:{&quot;unit&quot;:&quot;px&quot;,&quot;size&quot;:10,&quot;sizes&quot;:[]},&quot;gap_tablet&quot;:{&quot;unit&quot;:&quot;px&quot;,&quot;size&quot;:10,&quot;sizes&quot;:[]},&quot;gap_mobile&quot;:{&quot;unit&quot;:&quot;px&quot;,&quot;size&quot;:10,&quot;sizes&quot;:[]},&quot;link_to&quot;:&quot;file&quot;,&quot;aspect_ratio&quot;:&quot;3:2&quot;,&quot;overlay_background&quot;:&quot;yes&quot;,&quot;content_hover_animation&quot;:&quot;fade-in&quot;}\" data-widget_type=\"gallery.default\">\n\t\t\t\t<div class=\"elementor-widget-container\">\n\t\t\t\t\t\t\t<div class=\"elementor-gallery__container\">\n\t\t\t\t\t\t\t<a class=\"e-gallery-item elementor-gallery-item elementor-animated-content\" href=\"https:\/\/smartown.ro\/wp-content\/uploads\/2025\/06\/CleanShot-2025-06-30-at-02.40.52@2x.png\" data-elementor-open-lightbox=\"yes\" data-elementor-lightbox-slideshow=\"35bc927\" data-e-action-hash=\"#elementor-action%3Aaction%3Dlightbox%26settings%3DeyJpZCI6MTQ0MzcsInVybCI6Imh0dHBzOlwvXC9zbWFydG93bi5yb1wvd3AtY29udGVudFwvdXBsb2Fkc1wvMjAyNVwvMDZcL0NsZWFuU2hvdC0yMDI1LTA2LTMwLWF0LTAyLjQwLjUyQDJ4LnBuZyIsInNsaWRlc2hvdyI6IjM1YmM5MjcifQ%3D%3D\">\n\t\t\t\t\t<div class=\"e-gallery-image elementor-gallery-item__image\" data-thumbnail=\"https:\/\/smartown.ro\/wp-content\/uploads\/2025\/06\/CleanShot-2025-06-30-at-02.40.52@2x-1024x760.png\" data-width=\"640\" data-height=\"475\" aria-label=\"\" role=\"img\" ><\/div>\n\t\t\t\t\t\t\t\t\t\t\t<div class=\"elementor-gallery-item__overlay\"><\/div>\n\t\t\t\t\t\t\t\t\t\t\t\t\t\t<\/a>\n\t\t\t\t\t\t\t<a class=\"e-gallery-item elementor-gallery-item elementor-animated-content\" href=\"https:\/\/smartown.ro\/wp-content\/uploads\/2025\/06\/IMG_2188-scaled.jpg\" data-elementor-open-lightbox=\"yes\" data-elementor-lightbox-slideshow=\"35bc927\" data-e-action-hash=\"#elementor-action%3Aaction%3Dlightbox%26settings%3DeyJpZCI6MTQ0NDEsInVybCI6Imh0dHBzOlwvXC9zbWFydG93bi5yb1wvd3AtY29udGVudFwvdXBsb2Fkc1wvMjAyNVwvMDZcL0lNR18yMTg4LXNjYWxlZC5qcGciLCJzbGlkZXNob3ciOiIzNWJjOTI3In0%3D\">\n\t\t\t\t\t<div class=\"e-gallery-image elementor-gallery-item__image\" data-thumbnail=\"https:\/\/smartown.ro\/wp-content\/uploads\/2025\/06\/IMG_2188-1024x768.jpg\" data-width=\"640\" data-height=\"480\" aria-label=\"\" role=\"img\" ><\/div>\n\t\t\t\t\t\t\t\t\t\t\t<div class=\"elementor-gallery-item__overlay\"><\/div>\n\t\t\t\t\t\t\t\t\t\t\t\t\t\t<\/a>\n\t\t\t\t\t\t\t<a class=\"e-gallery-item elementor-gallery-item elementor-animated-content\" href=\"https:\/\/smartown.ro\/wp-content\/uploads\/2025\/06\/IMG_2424-scaled.jpg\" data-elementor-open-lightbox=\"yes\" data-elementor-lightbox-slideshow=\"35bc927\" data-e-action-hash=\"#elementor-action%3Aaction%3Dlightbox%26settings%3DeyJpZCI6MTQ0MzksInVybCI6Imh0dHBzOlwvXC9zbWFydG93bi5yb1wvd3AtY29udGVudFwvdXBsb2Fkc1wvMjAyNVwvMDZcL0lNR18yNDI0LXNjYWxlZC5qcGciLCJzbGlkZXNob3ciOiIzNWJjOTI3In0%3D\">\n\t\t\t\t\t<div class=\"e-gallery-image elementor-gallery-item__image\" data-thumbnail=\"https:\/\/smartown.ro\/wp-content\/uploads\/2025\/06\/IMG_2424-1024x768.jpg\" data-width=\"640\" data-height=\"480\" aria-label=\"\" role=\"img\" ><\/div>\n\t\t\t\t\t\t\t\t\t\t\t<div class=\"elementor-gallery-item__overlay\"><\/div>\n\t\t\t\t\t\t\t\t\t\t\t\t\t\t<\/a>\n\t\t\t\t\t<\/div>\n\t\t\t\t\t<\/div>\n\t\t\t\t<\/div>\n\t\t\t\t<div class=\"elementor-element elementor-element-5c0e347 elementor-widget elementor-widget-pix-map\" data-id=\"5c0e347\" data-element_type=\"widget\" data-widget_type=\"pix-map.default\">\n\t\t\t\t<div class=\"elementor-widget-container\">\n\t\t\t\t\t<div class=\"overflow-hidden pix-map-out mb-2 mb-sm-0    \" ><section class=\"pix-google-map w-100\" data-style=\"silver\" data-color=\"\" data-saturation=\"-20\" data-brightness=\"5\" data-latitude=\"44.4505934\" data-longitude=\"26.1021462\" data-map-zoom=\"13\" data-marker=\"https:\/\/smartown.ro\/wp-content\/plugins\/pixfort-core\/functions\/images\/map\/pix-icon-location.svg\"><div class=\"google-container\"><\/div><div class=\"pix-zoom-in bg-white shadow rounded text-dark-opacity-8 text-18 d-flex align-items-center justify-content-center\"><svg class=\"pixfort-icon \" width=\"24\" height=\"24\"  data-name=\"Line\/pixfort-icon-plus-circle-1\" viewBox=\"2 2 20 20\"><path fill=\"none\" stroke=\"var(--pf-icon-color)\" stroke-linecap=\"round\" stroke-linejoin=\"round\" stroke-width=\"var(--pf-icon-stroke-width)\" d=\"M12,21 C16.9705627,21 21,16.9705627 21,12 C21,7.02943725 16.9705627,3 12,3 C7.02943725,3 3,7.02943725 3,12 C3,16.9705627 7.02943725,21 12,21 Z M12,8 L12,16 M8,12 L16,12\"\/><\/svg><\/div><div class=\"pix-zoom-out bg-white mt-1 shadow rounded text-dark-opacity-8 text-18 d-flex align-items-center justify-content-center\"><svg class=\"pixfort-icon \" width=\"24\" height=\"24\"  data-name=\"Line\/pixfort-icon-minus-circle-1\" viewBox=\"2 2 20 20\"><path fill=\"none\" stroke=\"var(--pf-icon-color)\" stroke-linecap=\"round\" stroke-linejoin=\"round\" stroke-width=\"var(--pf-icon-stroke-width)\" d=\"M12,21 C16.9705627,21 21,16.9705627 21,12 C21,7.02943725 16.9705627,3 12,3 C7.02943725,3 3,7.02943725 3,12 C3,16.9705627 7.02943725,21 12,21 Z M8,12 L16,12\"\/><\/svg><\/div><address class=\"bg-white rounded-lg text-body-default font-weight-bold shadow-inverse\">Polon\u0103 68<\/address><\/section><\/div>\t\t\t\t<\/div>\n\t\t\t\t<\/div>\n\t\t\t\t<\/div>\n\t\t\t\t<\/div>\n\t\t\t\t<\/div>\n\t\t","protected":false},"excerpt":{"rendered":"<p>Ce face Polon\u0103 68 Business Center unic\u0103? P68 este o cl\u0103dire de birouri boutique clasa A situat\u0103 \u00een CBD-ul Bucure\u0219tiului, loca\u021bie premium pentru birouri \u0219i reziden\u021bial, cu 9.443 mp GLA. Este format\u0103 din 2 niveluri de parcare subteran\u0103, parter \u0219i&#8230;<\/p>\n","protected":false},"author":1,"featured_media":0,"parent":0,"menu_order":0,"comment_status":"closed","ping_status":"closed","template":"","meta":{"footnotes":""},"class_list":["post-14503","page","type-page","status-publish","hentry"],"_links":{"self":[{"href":"https:\/\/smartown.ro\/ro\/wp-json\/wp\/v2\/pages\/14503","targetHints":{"allow":["GET"]}}],"collection":[{"href":"https:\/\/smartown.ro\/ro\/wp-json\/wp\/v2\/pages"}],"about":[{"href":"https:\/\/smartown.ro\/ro\/wp-json\/wp\/v2\/types\/page"}],"author":[{"embeddable":true,"href":"https:\/\/smartown.ro\/ro\/wp-json\/wp\/v2\/users\/1"}],"replies":[{"embeddable":true,"href":"https:\/\/smartown.ro\/ro\/wp-json\/wp\/v2\/comments?post=14503"}],"version-history":[{"count":10,"href":"https:\/\/smartown.ro\/ro\/wp-json\/wp\/v2\/pages\/14503\/revisions"}],"predecessor-version":[{"id":14710,"href":"https:\/\/smartown.ro\/ro\/wp-json\/wp\/v2\/pages\/14503\/revisions\/14710"}],"wp:attachment":[{"href":"https:\/\/smartown.ro\/ro\/wp-json\/wp\/v2\/media?parent=14503"}],"curies":[{"name":"wp","href":"https:\/\/api.w.org\/{rel}","templated":true}]}}