{"id":14506,"date":"2025-06-26T00:48:51","date_gmt":"2025-06-26T00:48:51","guid":{"rendered":"https:\/\/smartown.ro\/contact\/"},"modified":"2025-08-19T15:27:08","modified_gmt":"2025-08-19T15:27:08","slug":"contact","status":"publish","type":"page","link":"https:\/\/smartown.ro\/ro\/contact\/","title":{"rendered":"Contact"},"content":{"rendered":"\t\t<div data-elementor-type=\"wp-page\" data-elementor-id=\"14506\" class=\"elementor elementor-14506 elementor-2\" data-elementor-post-type=\"page\">\n\t\t\t\t\t\t<section class=\"elementor-section elementor-top-section elementor-element elementor-element-223fa77d elementor-section-boxed elementor-section-height-default elementor-section-height-default\" data-id=\"223fa77d\" data-element_type=\"section\">\n\t\t\t\t\t\t<div class=\"elementor-container elementor-column-gap-default\">\n\t\t\t\t\t<div class=\"elementor-column elementor-col-50 elementor-top-column elementor-element elementor-element-2d35bd20\" data-id=\"2d35bd20\" data-element_type=\"column\">\n\t\t\t<div class=\"elementor-widget-wrap elementor-element-populated\">\n\t\t\t\t\t\t<div class=\"elementor-element elementor-element-5388700d elementor-widget elementor-widget-pix-heading\" data-id=\"5388700d\" data-element_type=\"widget\" data-widget_type=\"pix-heading.default\">\n\t\t\t\t<div class=\"elementor-widget-container\">\n\t\t\t\t\t<div  class=\"pix-heading-el text-left \"><h3 class=\"text-heading-default font-weight-bold h3 heading-text el-title_custom_color mb-12\" style=\"\" data-anim-type=\"\" data-anim-delay=\"\">Contacta\u021bi-ne<\/h3><\/div>\t\t\t\t<\/div>\n\t\t\t\t<\/div>\n\t\t\t\t<div class=\"elementor-element elementor-element-2fc1f60c elementor-widget elementor-widget-pix-text\" data-id=\"2fc1f60c\" data-element_type=\"widget\" data-widget_type=\"pix-text.default\">\n\t\t\t\t<div class=\"elementor-widget-container\">\n\t\t\t\t\t<div class=\"pix-el-text w-100 text-left \" ><div class=\"d-inline-block\" style=\"max-width:600px;\"><p class=\"text-20 resp-option text-body-default text-left \" >Sunte\u021bi interesat de unul dintre proiectele noastre? Ave\u021bi \u00eentreb\u0103ri? Contacta\u021bi-ne \u0219i v\u0103 vom r\u0103spunde \u00een cel mai scurt timp.  <\/p><\/div><\/div>\t\t\t\t<\/div>\n\t\t\t\t<\/div>\n\t\t\t\t<div class=\"elementor-element elementor-element-50b6c86 elementor-invisible elementor-widget elementor-widget-pix-feature-list\" data-id=\"50b6c86\" data-element_type=\"widget\" data-widget_type=\"pix-feature-list.default\">\n\t\t\t\t<div class=\"elementor-widget-container\">\n\t\t\t\t\t<div id=\"accordion-504c870e155143a54e2d159f3f059a55\" class=\"w-100  \" ><div class=\"py-2 animate-in\" data-anim-type=\"slide-in-up\" data-anim-delay=\"0\"><div class=\"pix-feature-list   font-weight-bold     py-2 d-flex align-items-center\" ><a class=\"d-flex align-items-center\" href=\"mailto:office@smartown.ro\" target=\"_self\"><div class=\"d-inline-flex align-items-center pix-mr-10 text-primary\" style=\"font-size:1.2em;position:relative;line-height:1em;text-align:center;\"><svg class=\"pixfort-icon \" width=\"24\" height=\"24\"  data-name=\"Line\/pixfort-icon-mail-closed-1\" viewBox=\"2 2 20 20\"><path fill=\"none\" stroke=\"var(--pf-icon-color)\" stroke-linecap=\"round\" stroke-linejoin=\"round\" stroke-width=\"var(--pf-icon-stroke-width)\" d=\"M5,5 L19,5 C20.1045695,5 21,5.8954305 21,7 L21,17 C21,18.1045695 20.1045695,19 19,19 L5,19 C3.8954305,19 3,18.1045695 3,17 L3,7 C3,5.8954305 3.8954305,5 5,5 Z M3.30149167,5.98779765 L10.7448982,11.9882141 C11.4774541,12.5787556 12.5225812,12.5787994 13.2551866,11.9883193 L20.7,5.98779765 L20.7,5.98779765\"\/><\/svg><\/div><span class=\"text-dark-opacity-5\">office@smartown.ro<\/span><\/a><\/div><div class=\"pix-feature-list   font-weight-bold     py-2 d-flex align-items-center\" ><a class=\"d-flex align-items-center\" href=\"https:\/\/www.google.com\/maps\/place\/Strada+Polon%C4%83+68-72,+Bucure%C8%99ti+030167,+Romania\/@44.4503922,26.0997118,1020m\/data=!3m2!1e3!4b1!4m6!3m5!1s0x40b1f8b29f471c25:0x3f7beb048066dc15!8m2!3d44.4503922!4d26.1022867!16s%2Fg%2F11snqxdpgh!5m1!1e1?entry=ttu&g_ep=EgoyMDI1MDcxNi4wIKXMDSoASAFQAw%3D%3D\" target=\"_blank\"><div class=\"d-inline-flex align-items-center pix-mr-10 text-primary\" style=\"font-size:1.2em;position:relative;line-height:1em;text-align:center;\"><svg class=\"pixfort-icon \" width=\"24\" height=\"24\"  data-name=\"Line\/pixfort-icon-pin-2\" viewBox=\"2 2 20 20\"><path fill=\"none\" stroke=\"var(--pf-icon-color)\" stroke-linecap=\"round\" stroke-linejoin=\"round\" stroke-width=\"var(--pf-icon-stroke-width)\" d=\"M12.773151,20.0802214 C16.257717,15.8490061 18,12.4889323 18,10 C18,7 15.8659932,4 12,4 C8.13400675,4 6,7 6,10 C6,12.4902344 7.74410641,15.852522 11.2323192,20.0868627 L11.2330508,20.0862558 C11.5856754,20.5113138 12.2161118,20.5700327 12.6411698,20.2174081 C12.6901904,20.176741 12.7352135,20.1314836 12.7756256,20.0822526 Z M12,11 C12.5522847,11 13,10.5522847 13,10 C13,9.44771525 12.5522847,9 12,9 C11.4477153,9 11,9.44771525 11,10 C11,10.5522847 11.4477153,11 12,11 Z\"\/><\/svg><\/div><span class=\"text-dark-opacity-5\">Strada Polon\u0103, nr. 68-72, Sector 1, Bucure\u0219ti.<\/span><\/a><\/div><\/div><\/div>\t\t\t\t<\/div>\n\t\t\t\t<\/div>\n\t\t\t\t<div class=\"elementor-element elementor-element-97cdb81 elementor-button-align-stretch elementor-widget elementor-widget-form\" data-id=\"97cdb81\" data-element_type=\"widget\" data-settings=\"{&quot;step_next_label&quot;:&quot;Urm\\u0103tor&quot;,&quot;step_previous_label&quot;:&quot;Anterior&quot;,&quot;button_width&quot;:&quot;100&quot;,&quot;step_type&quot;:&quot;number_text&quot;,&quot;step_icon_shape&quot;:&quot;circle&quot;}\" data-widget_type=\"form.default\">\n\t\t\t\t<div class=\"elementor-widget-container\">\n\t\t\t\t\t\t\t<form class=\"elementor-form\" method=\"post\" name=\"Formular nou\" aria-label=\"Formular nou\">\n\t\t\t<input type=\"hidden\" name=\"post_id\" value=\"14506\"\/>\n\t\t\t<input type=\"hidden\" name=\"form_id\" value=\"97cdb81\"\/>\n\t\t\t<input type=\"hidden\" name=\"referer_title\" value=\"Contact\" \/>\n\n\t\t\t\t\t\t\t<input type=\"hidden\" name=\"queried_id\" value=\"14506\"\/>\n\t\t\t\n\t\t\t<div class=\"elementor-form-fields-wrapper elementor-labels-\">\n\t\t\t\t\t\t\t\t<div class=\"elementor-field-type-text elementor-field-group elementor-column elementor-field-group-name elementor-col-100 elementor-field-required\">\n\t\t\t\t\t\t\t\t\t\t\t\t<label for=\"form-field-name\" class=\"elementor-field-label elementor-screen-only\">\n\t\t\t\t\t\t\t\tNume\t\t\t\t\t\t\t<\/label>\n\t\t\t\t\t\t\t\t\t\t\t\t\t\t<input size=\"1\" type=\"text\" name=\"form_fields[name]\" id=\"form-field-name\" class=\"elementor-field elementor-size-md  elementor-field-textual\" placeholder=\"Nume\" required=\"required\">\n\t\t\t\t\t\t\t\t\t\t\t<\/div>\n\t\t\t\t\t\t\t\t<div class=\"elementor-field-type-email elementor-field-group elementor-column elementor-field-group-email elementor-col-50 elementor-field-required\">\n\t\t\t\t\t\t\t\t\t\t\t\t<label for=\"form-field-email\" class=\"elementor-field-label elementor-screen-only\">\n\t\t\t\t\t\t\t\tE-mail\t\t\t\t\t\t\t<\/label>\n\t\t\t\t\t\t\t\t\t\t\t\t\t\t<input size=\"1\" type=\"email\" name=\"form_fields[email]\" id=\"form-field-email\" class=\"elementor-field elementor-size-md  elementor-field-textual\" placeholder=\"E-mail\" required=\"required\">\n\t\t\t\t\t\t\t\t\t\t\t<\/div>\n\t\t\t\t\t\t\t\t<div class=\"elementor-field-type-tel elementor-field-group elementor-column elementor-field-group-field_829004e elementor-col-50\">\n\t\t\t\t\t\t\t\t\t\t\t\t<label for=\"form-field-field_829004e\" class=\"elementor-field-label elementor-screen-only\">\n\t\t\t\t\t\t\t\tNum\u0103r de telefon\t\t\t\t\t\t\t<\/label>\n\t\t\t\t\t\t\t\t<input size=\"1\" type=\"tel\" name=\"form_fields[field_829004e]\" id=\"form-field-field_829004e\" class=\"elementor-field elementor-size-md  elementor-field-textual\" placeholder=\"Num\u0103r de telefon\" pattern=\"[0-9()#&amp;+*-=.]+\" title=\"Only numbers and phone characters (#, -, *, etc) are accepted.\">\n\n\t\t\t\t\t\t<\/div>\n\t\t\t\t\t\t\t\t<div class=\"elementor-field-type-textarea elementor-field-group elementor-column elementor-field-group-message elementor-col-100\">\n\t\t\t\t\t\t\t\t\t\t\t\t<label for=\"form-field-message\" class=\"elementor-field-label elementor-screen-only\">\n\t\t\t\t\t\t\t\tMesaj\t\t\t\t\t\t\t<\/label>\n\t\t\t\t\t\t<textarea class=\"elementor-field-textual elementor-field  elementor-size-md\" name=\"form_fields[message]\" id=\"form-field-message\" rows=\"4\" placeholder=\"Mesaj\"><\/textarea>\t\t\t\t<\/div>\n\t\t\t\t\t\t\t\t<div class=\"elementor-field-type-acceptance elementor-field-group elementor-column elementor-field-group-field_a60ca2e elementor-col-100 elementor-field-required\">\n\t\t\t\t\t\t\t<div class=\"elementor-field-subgroup\">\n\t\t\t<span class=\"elementor-field-option\">\n\t\t\t\t<input type=\"checkbox\" name=\"form_fields[field_a60ca2e]\" id=\"form-field-field_a60ca2e\" class=\"elementor-field elementor-size-md  elementor-acceptance-field\" required=\"required\">\n\t\t\t\t<label for=\"form-field-field_a60ca2e\">Accept <a href=\"https:\/\/smartown.ro\/ro\/politica-de-confidentialitate\/\">Politica de Confiden\u021bialitate<\/a> \u0219i sunt de acord ca SMARTOWN INVESTMENTS SRL s\u0103 m\u0103 contacteze folosind datele de contact furnizate mai sus.<\/label>\t\t\t<\/span>\n\t\t<\/div>\n\t\t\t\t\t\t<\/div>\n\t\t\t\t\t\t\t\t<div class=\"elementor-field-type-recaptcha elementor-field-group elementor-column elementor-field-group-field_033bad1 elementor-col-100\">\n\t\t\t\t\t<div class=\"elementor-field\" id=\"form-field-field_033bad1\"><div class=\"elementor-g-recaptcha\" data-sitekey=\"6LfYGZsrAAAAACWpWWi-c56G4dFrz7yrHTCBgcok\" data-type=\"v2_checkbox\" data-theme=\"light\" data-size=\"normal\"><\/div><\/div>\t\t\t\t<\/div>\n\t\t\t\t\t\t\t\t<div class=\"elementor-field-group elementor-column elementor-field-type-submit elementor-col-100 e-form__buttons\">\n\t\t\t\t\t<button class=\"elementor-button elementor-size-sm\" type=\"submit\">\n\t\t\t\t\t\t<span class=\"elementor-button-content-wrapper\">\n\t\t\t\t\t\t\t\t\t\t\t\t\t\t\t\t\t\t\t\t\t\t<span class=\"elementor-button-text\">Trimite<\/span>\n\t\t\t\t\t\t\t\t\t\t\t\t\t<\/span>\n\t\t\t\t\t<\/button>\n\t\t\t\t<\/div>\n\t\t\t<\/div>\n\t\t<\/form>\n\t\t\t\t\t\t<\/div>\n\t\t\t\t<\/div>\n\t\t\t\t\t<\/div>\n\t\t<\/div>\n\t\t\t\t<div class=\"elementor-column elementor-col-50 elementor-top-column elementor-element elementor-element-52b5d54b\" data-id=\"52b5d54b\" data-element_type=\"column\">\n\t\t\t<div class=\"elementor-widget-wrap elementor-element-populated\">\n\t\t\t\t\t\t<div class=\"elementor-element elementor-element-6042a4d3 elementor-widget elementor-widget-google_maps\" data-id=\"6042a4d3\" data-element_type=\"widget\" data-widget_type=\"google_maps.default\">\n\t\t\t\t<div class=\"elementor-widget-container\">\n\t\t\t\t\t\t\t<div class=\"elementor-custom-embed\">\n\t\t\t<iframe loading=\"lazy\"\n\t\t\t\t\tsrc=\"https:\/\/maps.google.com\/maps?q=Strada%20Polon%C4%83%2C%20no.%2068-72%2C%20Sector%201%2C%20Bucharest&#038;t=m&#038;z=13&#038;output=embed&#038;iwloc=near\"\n\t\t\t\t\ttitle=\"Strada Polon\u0103, no. 68-72, Sector 1, Bucharest\"\n\t\t\t\t\taria-label=\"Strada Polon\u0103, no. 68-72, Sector 1, Bucharest\"\n\t\t\t><\/iframe>\n\t\t<\/div>\n\t\t\t\t\t\t<\/div>\n\t\t\t\t<\/div>\n\t\t\t\t\t<\/div>\n\t\t<\/div>\n\t\t\t\t\t<\/div>\n\t\t<\/section>\n\t\t\t\t<\/div>\n\t\t","protected":false},"excerpt":{"rendered":"<p>Contacta\u021bi-ne Sunte\u021bi interesat de unul dintre proiectele noastre? Ave\u021bi \u00eentreb\u0103ri? Contacta\u021bi-ne \u0219i v\u0103 vom r\u0103spunde \u00een cel mai scurt timp. office@smartown.roStrada Polon\u0103, nr. 68-72, Sector 1, Bucure\u0219ti.<\/p>\n","protected":false},"author":1,"featured_media":0,"parent":0,"menu_order":0,"comment_status":"closed","ping_status":"open","template":"","meta":{"footnotes":""},"class_list":["post-14506","page","type-page","status-publish","hentry"],"_links":{"self":[{"href":"https:\/\/smartown.ro\/ro\/wp-json\/wp\/v2\/pages\/14506","targetHints":{"allow":["GET"]}}],"collection":[{"href":"https:\/\/smartown.ro\/ro\/wp-json\/wp\/v2\/pages"}],"about":[{"href":"https:\/\/smartown.ro\/ro\/wp-json\/wp\/v2\/types\/page"}],"author":[{"embeddable":true,"href":"https:\/\/smartown.ro\/ro\/wp-json\/wp\/v2\/users\/1"}],"replies":[{"embeddable":true,"href":"https:\/\/smartown.ro\/ro\/wp-json\/wp\/v2\/comments?post=14506"}],"version-history":[{"count":3,"href":"https:\/\/smartown.ro\/ro\/wp-json\/wp\/v2\/pages\/14506\/revisions"}],"predecessor-version":[{"id":14657,"href":"https:\/\/smartown.ro\/ro\/wp-json\/wp\/v2\/pages\/14506\/revisions\/14657"}],"wp:attachment":[{"href":"https:\/\/smartown.ro\/ro\/wp-json\/wp\/v2\/media?parent=14506"}],"curies":[{"name":"wp","href":"https:\/\/api.w.org\/{rel}","templated":true}]}}