{"id":14532,"date":"2025-08-01T07:10:55","date_gmt":"2025-08-01T07:10:55","guid":{"rendered":"https:\/\/smartown.ro\/spatii-disponibile\/"},"modified":"2025-08-13T19:59:24","modified_gmt":"2025-08-13T19:59:24","slug":"spatii-disponibile","status":"publish","type":"page","link":"https:\/\/smartown.ro\/ro\/spatii-disponibile\/","title":{"rendered":"Spa\u021bii disponibile"},"content":{"rendered":"\t\t<div data-elementor-type=\"wp-page\" data-elementor-id=\"14532\" class=\"elementor elementor-14532 elementor-14060\" data-elementor-post-type=\"page\">\n\t\t\t\t\t\t<section class=\"elementor-section elementor-top-section elementor-element elementor-element-1ab8ec9 elementor-section-stretched elementor-section-boxed elementor-section-height-default elementor-section-height-default\" data-id=\"1ab8ec9\" data-element_type=\"section\" data-settings=\"{&quot;stretch_section&quot;:&quot;section-stretched&quot;}\">\n\t\t\t\t\t\t<div class=\"elementor-container elementor-column-gap-default\">\n\t\t\t\t\t<div class=\"elementor-column elementor-col-100 elementor-top-column elementor-element elementor-element-bed3d05\" data-id=\"bed3d05\" data-element_type=\"column\">\n\t\t\t<div class=\"elementor-widget-wrap elementor-element-populated\">\n\t\t\t\t\t\t<div class=\"elementor-element elementor-element-8f9a945 elementor-widget elementor-widget-pix-heading\" data-id=\"8f9a945\" data-element_type=\"widget\" data-widget_type=\"pix-heading.default\">\n\t\t\t\t<div class=\"elementor-widget-container\">\n\t\t\t\t\t<div  class=\"pix-heading-el text-center \"><h4 class=\"text-heading-default font-weight-bold h4 heading-text el-title_custom_color mb-12\" style=\"\" data-anim-type=\"\" data-anim-delay=\"\">Cl\u0103diri \u0219i proiecte<\/h4><\/div>\t\t\t\t<\/div>\n\t\t\t\t<\/div>\n\t\t\t\t<div class=\"elementor-element elementor-element-51a452c elementor-widget elementor-widget-pix-text\" data-id=\"51a452c\" data-element_type=\"widget\" data-widget_type=\"pix-text.default\">\n\t\t\t\t<div class=\"elementor-widget-container\">\n\t\t\t\t\t<div class=\"pix-el-text w-100 text-center \" ><div class=\"d-inline-block\" style=\"max-width:600px;\"><p class=\"text-18 resp-option  text-center \" >Exploreaz\u0103 proiectele Smartown Group<\/p><\/div><\/div>\t\t\t\t<\/div>\n\t\t\t\t<\/div>\n\t\t<div class=\"elementor-element elementor-element-ae4220f e-con-full e-flex e-con e-parent\" data-id=\"ae4220f\" data-element_type=\"container\">\n\t\t<div class=\"elementor-element elementor-element-1e748ba e-con-full e-flex e-con e-child\" data-id=\"1e748ba\" data-element_type=\"container\">\n\t\t\t\t<div class=\"elementor-element elementor-element-d2398cc elementor-widget elementor-widget-pix-button\" data-id=\"d2398cc\" data-element_type=\"widget\" data-widget_type=\"pix-button.default\">\n\t\t\t\t<div class=\"elementor-widget-container\">\n\t\t\t\t\t<a  href=\"https:\/\/smartown.ro\/swan-office-technology-park\/\" class=\"btn m-0      btn-link text-secondary d-inline-flex align-items-center pix-hover-item  no-padding     btn-lg\"     ><span class=\"font-weight-bold \" >Swan Office  Technology Park<\/span><svg class=\"pixfort-icon font-weight-bold  pix-hover-right  ml-2\" width=\"24\" height=\"24\"  data-name=\"Duotone\/pixfort-icon-arrow-right-2\" viewBox=\"2 2 20 20\"><path fill=\"var(--pf-icon-color)\" fill-rule=\"evenodd\" d=\"M8.79289322,6.29289322 C9.18341751,5.90236893 9.81658249,5.90236893 10.2071068,6.29289322 L15.2071068,11.2928932 C15.5976311,11.6834175 15.5976311,12.3165825 15.2071068,12.7071068 L10.2071068,17.7071068 C9.81658249,18.0976311 9.18341751,18.0976311 8.79289322,17.7071068 C8.40236893,17.3165825 8.40236893,16.6834175 8.79289322,16.2928932 L13.085,12 L8.79289322,7.70710678 C8.43240926,7.34662282 8.40467972,6.77939176 8.70970461,6.38710056 L8.79289322,6.29289322 Z\"\/><\/svg><\/a>\t\t\t\t<\/div>\n\t\t\t\t<\/div>\n\t\t\t\t<div class=\"elementor-element elementor-element-09fdc38 elementor-widget elementor-widget-image\" data-id=\"09fdc38\" data-element_type=\"widget\" data-widget_type=\"image.default\">\n\t\t\t\t<div class=\"elementor-widget-container\">\n\t\t\t\t\t\t\t\t\t\t\t\t\t\t\t\t<a href=\"https:\/\/smartown.ro\/swan-office-technology-park\/\">\n\t\t\t\t\t\t\t<img fetchpriority=\"high\" decoding=\"async\" width=\"640\" height=\"360\" src=\"https:\/\/smartown.ro\/wp-content\/uploads\/2025\/06\/4-1024x576.jpg\" class=\"attachment-large size-large wp-image-14430\" alt=\"\" srcset=\"https:\/\/smartown.ro\/wp-content\/uploads\/2025\/06\/4-1024x576.jpg 1024w, https:\/\/smartown.ro\/wp-content\/uploads\/2025\/06\/4-300x169.jpg 300w, https:\/\/smartown.ro\/wp-content\/uploads\/2025\/06\/4-768x432.jpg 768w, https:\/\/smartown.ro\/wp-content\/uploads\/2025\/06\/4-1536x864.jpg 1536w, https:\/\/smartown.ro\/wp-content\/uploads\/2025\/06\/4.jpg 1920w\" sizes=\"(max-width: 640px) 100vw, 640px\" \/>\t\t\t\t\t\t\t\t<\/a>\n\t\t\t\t\t\t\t\t\t\t\t\t\t\t\t<\/div>\n\t\t\t\t<\/div>\n\t\t\t\t<div class=\"elementor-element elementor-element-ecf82c6 elementor-widget elementor-widget-pix-text\" data-id=\"ecf82c6\" data-element_type=\"widget\" data-widget_type=\"pix-text.default\">\n\t\t\t\t<div class=\"elementor-widget-container\">\n\t\t\t\t\t<div class=\"pix-el-text w-100 text-left \" ><p class=\"text-sm resp-option  text-left \" >Proiectat la cele mai \u00eenalte standarde europene, aceast\u0103 loca\u021bie de birouri \u0219i retail ofer\u0103 un centru de calm \u0219i eficien\u021b\u0103 unde v\u0103 pute\u021bi concentra asupra afacerii \u0219i impresiona clien\u021bii \u0219i vizitatorii.<\/p><\/div>\t\t\t\t<\/div>\n\t\t\t\t<\/div>\n\t\t\t\t<div class=\"elementor-element elementor-element-0828a3d elementor-widget elementor-widget-pix-button\" data-id=\"0828a3d\" data-element_type=\"widget\" data-widget_type=\"pix-button.default\">\n\t\t\t\t<div class=\"elementor-widget-container\">\n\t\t\t\t\t<a  href=\"https:\/\/smartown.ro\/swan-office-technology-park\/\" class=\"btn m-0      btn-link text-secondary d-inline-flex align-items-center no-padding     btn-normal\"     ><span class=\" \" >Exploreaz\u0103 spa\u021bii de birouri categoria A+<\/span><\/a>\t\t\t\t<\/div>\n\t\t\t\t<\/div>\n\t\t\t\t<div class=\"elementor-element elementor-element-055db07 elementor-widget elementor-widget-pix-button\" data-id=\"055db07\" data-element_type=\"widget\" data-widget_type=\"pix-button.default\">\n\t\t\t\t<div class=\"elementor-widget-container\">\n\t\t\t\t\t<a  href=\"https:\/\/smartown.ro\/wp-content\/uploads\/2025\/08\/available-spaces-swan-2025-august.pdf\" class=\"btn m-0      btn-link text-secondary d-inline-flex align-items-center pix-hover-item  no-padding     btn-lg\" target=\"_blank\" rel=\"noopener\"    ><span class=\"font-weight-bold \" >Vezi spa\u021biile disponibile<\/span><svg class=\"pixfort-icon font-weight-bold  pix-hover-right  ml-2\" width=\"24\" height=\"24\"  data-name=\"Duotone\/pixfort-icon-arrow-right-2\" viewBox=\"2 2 20 20\"><path fill=\"var(--pf-icon-color)\" fill-rule=\"evenodd\" d=\"M8.79289322,6.29289322 C9.18341751,5.90236893 9.81658249,5.90236893 10.2071068,6.29289322 L15.2071068,11.2928932 C15.5976311,11.6834175 15.5976311,12.3165825 15.2071068,12.7071068 L10.2071068,17.7071068 C9.81658249,18.0976311 9.18341751,18.0976311 8.79289322,17.7071068 C8.40236893,17.3165825 8.40236893,16.6834175 8.79289322,16.2928932 L13.085,12 L8.79289322,7.70710678 C8.43240926,7.34662282 8.40467972,6.77939176 8.70970461,6.38710056 L8.79289322,6.29289322 Z\"\/><\/svg><\/a>\t\t\t\t<\/div>\n\t\t\t\t<\/div>\n\t\t\t\t<\/div>\n\t\t<div class=\"elementor-element elementor-element-df67ee7 e-con-full e-flex e-con e-child\" data-id=\"df67ee7\" data-element_type=\"container\">\n\t\t\t\t<div class=\"elementor-element elementor-element-1694f98 elementor-widget elementor-widget-pix-button\" data-id=\"1694f98\" data-element_type=\"widget\" data-widget_type=\"pix-button.default\">\n\t\t\t\t<div class=\"elementor-widget-container\">\n\t\t\t\t\t<a  href=\"https:\/\/smartown.ro\/polona-68-business-center\/\" class=\"btn m-0      btn-link text-secondary d-inline-flex align-items-center pix-hover-item  no-padding     btn-lg\"     ><span class=\"font-weight-bold \" >Polon\u0103 68 Business Center<\/span><svg class=\"pixfort-icon font-weight-bold  pix-hover-right  ml-2\" width=\"24\" height=\"24\"  data-name=\"Duotone\/pixfort-icon-arrow-right-2\" viewBox=\"2 2 20 20\"><path fill=\"var(--pf-icon-color)\" fill-rule=\"evenodd\" d=\"M8.79289322,6.29289322 C9.18341751,5.90236893 9.81658249,5.90236893 10.2071068,6.29289322 L15.2071068,11.2928932 C15.5976311,11.6834175 15.5976311,12.3165825 15.2071068,12.7071068 L10.2071068,17.7071068 C9.81658249,18.0976311 9.18341751,18.0976311 8.79289322,17.7071068 C8.40236893,17.3165825 8.40236893,16.6834175 8.79289322,16.2928932 L13.085,12 L8.79289322,7.70710678 C8.43240926,7.34662282 8.40467972,6.77939176 8.70970461,6.38710056 L8.79289322,6.29289322 Z\"\/><\/svg><\/a>\t\t\t\t<\/div>\n\t\t\t\t<\/div>\n\t\t\t\t<div class=\"elementor-element elementor-element-c6f6221 elementor-widget elementor-widget-image\" data-id=\"c6f6221\" data-element_type=\"widget\" data-widget_type=\"image.default\">\n\t\t\t\t<div class=\"elementor-widget-container\">\n\t\t\t\t\t\t\t\t\t\t\t\t\t\t\t\t<a href=\"https:\/\/smartown.ro\/polona-68-business-center\/\">\n\t\t\t\t\t\t\t<img decoding=\"async\" width=\"640\" height=\"360\" src=\"https:\/\/smartown.ro\/wp-content\/uploads\/2025\/06\/polona-68-1024x576.webp\" class=\"attachment-large size-large wp-image-14415\" alt=\"\" srcset=\"https:\/\/smartown.ro\/wp-content\/uploads\/2025\/06\/polona-68-1024x576.webp 1024w, https:\/\/smartown.ro\/wp-content\/uploads\/2025\/06\/polona-68-300x169.webp 300w, https:\/\/smartown.ro\/wp-content\/uploads\/2025\/06\/polona-68-768x432.webp 768w, https:\/\/smartown.ro\/wp-content\/uploads\/2025\/06\/polona-68.webp 1500w\" sizes=\"(max-width: 640px) 100vw, 640px\" \/>\t\t\t\t\t\t\t\t<\/a>\n\t\t\t\t\t\t\t\t\t\t\t\t\t\t\t<\/div>\n\t\t\t\t<\/div>\n\t\t\t\t<div class=\"elementor-element elementor-element-c0069e2 elementor-widget elementor-widget-pix-text\" data-id=\"c0069e2\" data-element_type=\"widget\" data-widget_type=\"pix-text.default\">\n\t\t\t\t<div class=\"elementor-widget-container\">\n\t\t\t\t\t<div class=\"pix-el-text w-100 text-left \" ><p class=\"text-sm resp-option  text-left \" >P68 este o cl\u0103dire de birouri boutique clasa A situat\u0103 \u00een CBD-ul Bucure\u0219tiului, loca\u021bie premium pentru birouri \u0219i reziden\u021bial, cu 9.443 mp GLA. Este format\u0103 din 2 niveluri de parcare subteran\u0103, parter \u0219i 5 niveluri de birouri.<\/p><\/div>\t\t\t\t<\/div>\n\t\t\t\t<\/div>\n\t\t\t\t<div class=\"elementor-element elementor-element-d9818db elementor-widget elementor-widget-pix-button\" data-id=\"d9818db\" data-element_type=\"widget\" data-widget_type=\"pix-button.default\">\n\t\t\t\t<div class=\"elementor-widget-container\">\n\t\t\t\t\t<a  href=\"https:\/\/smartown.ro\/polona-68-business-center\/\" class=\"btn m-0      btn-link text-secondary d-inline-flex align-items-center no-padding     btn-normal\"     ><span class=\" \" >G\u0103se\u0219te birouri profesionale \u00een CBD-ul Bucure\u0219tiului<\/span><\/a>\t\t\t\t<\/div>\n\t\t\t\t<\/div>\n\t\t\t\t<\/div>\n\t\t<div class=\"elementor-element elementor-element-b5c12b5 e-con-full e-flex e-con e-child\" data-id=\"b5c12b5\" data-element_type=\"container\">\n\t\t\t\t<div class=\"elementor-element elementor-element-bb3e89a elementor-widget elementor-widget-pix-button\" data-id=\"bb3e89a\" data-element_type=\"widget\" data-widget_type=\"pix-button.default\">\n\t\t\t\t<div class=\"elementor-widget-container\">\n\t\t\t\t\t<a  href=\"https:\/\/smartown.ro\/dorobanti\/\" class=\"btn m-0      btn-link text-secondary d-inline-flex align-items-center pix-hover-item  no-padding     btn-lg\"     ><span class=\"font-weight-bold \" >Doroban\u021bi<\/span><svg class=\"pixfort-icon font-weight-bold  pix-hover-right  ml-2\" width=\"24\" height=\"24\"  data-name=\"Duotone\/pixfort-icon-arrow-right-2\" viewBox=\"2 2 20 20\"><path fill=\"var(--pf-icon-color)\" fill-rule=\"evenodd\" d=\"M8.79289322,6.29289322 C9.18341751,5.90236893 9.81658249,5.90236893 10.2071068,6.29289322 L15.2071068,11.2928932 C15.5976311,11.6834175 15.5976311,12.3165825 15.2071068,12.7071068 L10.2071068,17.7071068 C9.81658249,18.0976311 9.18341751,18.0976311 8.79289322,17.7071068 C8.40236893,17.3165825 8.40236893,16.6834175 8.79289322,16.2928932 L13.085,12 L8.79289322,7.70710678 C8.43240926,7.34662282 8.40467972,6.77939176 8.70970461,6.38710056 L8.79289322,6.29289322 Z\"\/><\/svg><\/a>\t\t\t\t<\/div>\n\t\t\t\t<\/div>\n\t\t\t\t<div class=\"elementor-element elementor-element-1172703 elementor-widget elementor-widget-image\" data-id=\"1172703\" data-element_type=\"widget\" data-widget_type=\"image.default\">\n\t\t\t\t<div class=\"elementor-widget-container\">\n\t\t\t\t\t\t\t\t\t\t\t\t\t\t\t\t<a href=\"https:\/\/smartown.ro\/dorobanti\/\">\n\t\t\t\t\t\t\t<img decoding=\"async\" width=\"596\" height=\"605\" src=\"https:\/\/smartown.ro\/wp-content\/uploads\/2025\/06\/dorobanti-1.png\" class=\"attachment-large size-large wp-image-14447\" alt=\"\" srcset=\"https:\/\/smartown.ro\/wp-content\/uploads\/2025\/06\/dorobanti-1.png 596w, https:\/\/smartown.ro\/wp-content\/uploads\/2025\/06\/dorobanti-1-296x300.png 296w, https:\/\/smartown.ro\/wp-content\/uploads\/2025\/06\/dorobanti-1-75x75.png 75w\" sizes=\"(max-width: 596px) 100vw, 596px\" \/>\t\t\t\t\t\t\t\t<\/a>\n\t\t\t\t\t\t\t\t\t\t\t\t\t\t\t<\/div>\n\t\t\t\t<\/div>\n\t\t\t\t<div class=\"elementor-element elementor-element-e30e429 elementor-widget elementor-widget-pix-text\" data-id=\"e30e429\" data-element_type=\"widget\" data-widget_type=\"pix-text.default\">\n\t\t\t\t<div class=\"elementor-widget-container\">\n\t\t\t\t\t<div class=\"pix-el-text w-100 text-left \" ><p class=\"text-sm resp-option  text-left \" >Exploreaz\u0103 cel mai nou proiect mixt al nostru care include 3 vile conservate \u0219i dou\u0103 cl\u0103diri contemporane cu o suprafa\u021b\u0103 total\u0103 construit\u0103 de peste 21.000 mp, cre\u00e2nd o estetic\u0103 vibrant\u0103 \u0219i memorabil\u0103 pentru acest nou cartier.<\/p><\/div>\t\t\t\t<\/div>\n\t\t\t\t<\/div>\n\t\t\t\t<div class=\"elementor-element elementor-element-bd61529 elementor-widget elementor-widget-pix-button\" data-id=\"bd61529\" data-element_type=\"widget\" data-widget_type=\"pix-button.default\">\n\t\t\t\t<div class=\"elementor-widget-container\">\n\t\t\t\t\t<a  href=\"https:\/\/smartown.ro\/dorobanti\/\" class=\"btn m-0      btn-link text-secondary d-inline-flex align-items-center no-padding     btn-normal\"     ><span class=\" \" >Vezi oportunit\u0103\u021bi unice \u00een cel mai nou proiect al nostru<\/span><\/a>\t\t\t\t<\/div>\n\t\t\t\t<\/div>\n\t\t\t\t<\/div>\n\t\t\t\t<\/div>\n\t\t\t\t\t<\/div>\n\t\t<\/div>\n\t\t\t\t\t<\/div>\n\t\t<\/section>\n\t\t\t\t<\/div>\n\t\t","protected":false},"excerpt":{"rendered":"<p>Cl\u0103diri \u0219i proiecte Exploreaz\u0103 proiectele Smartown Group Swan Office Technology Park Proiectat la cele mai \u00eenalte standarde europene, aceast\u0103 loca\u021bie de birouri \u0219i retail ofer\u0103 un centru de calm \u0219i eficien\u021b\u0103 unde v\u0103 pute\u021bi concentra asupra afacerii \u0219i impresiona clien\u021bii&#8230;<\/p>\n","protected":false},"author":1,"featured_media":0,"parent":0,"menu_order":0,"comment_status":"closed","ping_status":"open","template":"","meta":{"footnotes":""},"class_list":["post-14532","page","type-page","status-publish","hentry"],"_links":{"self":[{"href":"https:\/\/smartown.ro\/ro\/wp-json\/wp\/v2\/pages\/14532","targetHints":{"allow":["GET"]}}],"collection":[{"href":"https:\/\/smartown.ro\/ro\/wp-json\/wp\/v2\/pages"}],"about":[{"href":"https:\/\/smartown.ro\/ro\/wp-json\/wp\/v2\/types\/page"}],"author":[{"embeddable":true,"href":"https:\/\/smartown.ro\/ro\/wp-json\/wp\/v2\/users\/1"}],"replies":[{"embeddable":true,"href":"https:\/\/smartown.ro\/ro\/wp-json\/wp\/v2\/comments?post=14532"}],"version-history":[{"count":2,"href":"https:\/\/smartown.ro\/ro\/wp-json\/wp\/v2\/pages\/14532\/revisions"}],"predecessor-version":[{"id":14535,"href":"https:\/\/smartown.ro\/ro\/wp-json\/wp\/v2\/pages\/14532\/revisions\/14535"}],"wp:attachment":[{"href":"https:\/\/smartown.ro\/ro\/wp-json\/wp\/v2\/media?parent=14532"}],"curies":[{"name":"wp","href":"https:\/\/api.w.org\/{rel}","templated":true}]}}